{"id":11382,"date":"2025-05-06T19:32:00","date_gmt":"2025-05-06T19:32:00","guid":{"rendered":"https:\/\/omef.quode.it\/equipos\/"},"modified":"2025-10-16T16:52:50","modified_gmt":"2025-10-16T16:52:50","slug":"equipos-forestales-tijeras-trituradoras-pinzas-omef","status":"publish","type":"page","link":"https:\/\/omefgroup.com\/es\/equipos\/","title":{"rendered":"Equipos"},"content":{"rendered":"\t\t<div data-elementor-type=\"wp-page\" data-elementor-id=\"11382\" class=\"elementor elementor-11382 elementor-2038\" data-elementor-post-type=\"page\">\n\t\t\t\t<div class=\"elementor-element elementor-element-38126be e-flex e-con-boxed e-con e-parent\" data-id=\"38126be\" data-element_type=\"container\" data-e-type=\"container\" data-settings=\"{&quot;background_background&quot;:&quot;classic&quot;}\">\n\t\t\t\t\t<div class=\"e-con-inner\">\n\t\t\t\t<div class=\"elementor-element elementor-element-284cec2 elementor-widget elementor-widget-heading\" data-id=\"284cec2\" data-element_type=\"widget\" data-e-type=\"widget\" data-widget_type=\"heading.default\">\n\t\t\t\t<div class=\"elementor-widget-container\">\n\t\t\t\t\t<h1 class=\"elementor-heading-title elementor-size-default\">EQUIPOS FORESTALES<\/h1>\t\t\t\t<\/div>\n\t\t\t\t<\/div>\n\t\t\t\t<div class=\"elementor-element elementor-element-f50ad4d elementor-widget-divider--view-line elementor-widget elementor-widget-divider\" data-id=\"f50ad4d\" data-element_type=\"widget\" data-e-type=\"widget\" data-widget_type=\"divider.default\">\n\t\t\t\t<div class=\"elementor-widget-container\">\n\t\t\t\t\t\t\t<div class=\"elementor-divider\">\n\t\t\t<span class=\"elementor-divider-separator\">\n\t\t\t\t\t\t<\/span>\n\t\t<\/div>\n\t\t\t\t\t\t<\/div>\n\t\t\t\t<\/div>\n\t\t<div class=\"elementor-element elementor-element-73349a3 e-con-full e-grid e-con e-child\" data-id=\"73349a3\" data-element_type=\"container\" data-e-type=\"container\" data-settings=\"{&quot;background_background&quot;:&quot;classic&quot;}\">\n\t\t<div class=\"elementor-element elementor-element-8b5910a e-con-full e-flex e-con e-child\" data-id=\"8b5910a\" data-element_type=\"container\" data-e-type=\"container\" data-settings=\"{&quot;background_background&quot;:&quot;classic&quot;}\">\n\t\t\t\t<div class=\"elementor-element elementor-element-933f419 elementor-widget elementor-widget-heading\" data-id=\"933f419\" data-element_type=\"widget\" data-e-type=\"widget\" data-widget_type=\"heading.default\">\n\t\t\t\t<div class=\"elementor-widget-container\">\n\t\t\t\t\t<h2 class=\"elementor-heading-title elementor-size-default\"><a href=\"https:\/\/omefgroup.com\/taglio-alberi\/\">TALA DE \u00c1RBOLES<\/a><\/h2>\t\t\t\t<\/div>\n\t\t\t\t<\/div>\n\t\t\t\t<div class=\"elementor-element elementor-element-d5fb5c5 elementor-widget elementor-widget-image\" data-id=\"d5fb5c5\" data-element_type=\"widget\" data-e-type=\"widget\" data-widget_type=\"image.default\">\n\t\t\t\t<div class=\"elementor-widget-container\">\n\t\t\t\t\t\t\t\t\t\t\t\t\t\t\t\t<a href=\"https:\/\/omefgroup.com\/taglio-alberi\/\">\n\t\t\t\t\t\t\t<img fetchpriority=\"high\" decoding=\"async\" width=\"649\" height=\"300\" src=\"https:\/\/omefgroup.com\/wp-content\/uploads\/2025\/10\/attrezzature-taglio-alberi-omef-home.webp\" class=\"attachment-large size-large wp-image-13424\" alt=\"attrezzature forestali OMEF per il taglio degli alberi\" srcset=\"https:\/\/omefgroup.com\/wp-content\/uploads\/2025\/10\/attrezzature-taglio-alberi-omef-home.webp 649w, https:\/\/omefgroup.com\/wp-content\/uploads\/2025\/10\/attrezzature-taglio-alberi-omef-home-300x139.webp 300w\" sizes=\"(max-width: 649px) 100vw, 649px\" \/>\t\t\t\t\t\t\t\t<\/a>\n\t\t\t\t\t\t\t\t\t\t\t\t\t\t\t<\/div>\n\t\t\t\t<\/div>\n\t\t\t\t<div class=\"elementor-element elementor-element-ad727fd elementor-hidden-mobile elementor-widget elementor-widget-text-editor\" data-id=\"ad727fd\" data-element_type=\"widget\" data-e-type=\"widget\" data-widget_type=\"text-editor.default\">\n\t\t\t\t<div class=\"elementor-widget-container\">\n\t\t\t\t\t\t\t\t\t<p>Equipos espec\u00edficos para <strong>cortar, talar y desramar \u00e1rboles<\/strong> de todo tipo y di\u00e1metro.<\/p>\t\t\t\t\t\t\t\t<\/div>\n\t\t\t\t<\/div>\n\t\t\t\t<\/div>\n\t\t<div class=\"elementor-element elementor-element-f9b61d8 e-con-full e-flex e-con e-child\" data-id=\"f9b61d8\" data-element_type=\"container\" data-e-type=\"container\" data-settings=\"{&quot;background_background&quot;:&quot;classic&quot;}\">\n\t\t\t\t<div class=\"elementor-element elementor-element-1d464a7 elementor-widget elementor-widget-heading\" data-id=\"1d464a7\" data-element_type=\"widget\" data-e-type=\"widget\" data-widget_type=\"heading.default\">\n\t\t\t\t<div class=\"elementor-widget-container\">\n\t\t\t\t\t<h2 class=\"elementor-heading-title elementor-size-default\"><a href=\"https:\/\/omefgroup.com\/lavorazione-legna\/\">PROCESAMIENTO DE LA MADERA<\/a><\/h2>\t\t\t\t<\/div>\n\t\t\t\t<\/div>\n\t\t\t\t<div class=\"elementor-element elementor-element-dbdeb71 elementor-widget elementor-widget-image\" data-id=\"dbdeb71\" data-element_type=\"widget\" data-e-type=\"widget\" data-widget_type=\"image.default\">\n\t\t\t\t<div class=\"elementor-widget-container\">\n\t\t\t\t\t\t\t\t\t\t\t\t\t\t\t\t<a href=\"https:\/\/omefgroup.com\/lavorazione-legna\/\">\n\t\t\t\t\t\t\t<img decoding=\"async\" width=\"650\" height=\"300\" src=\"https:\/\/omefgroup.com\/wp-content\/uploads\/2025\/06\/home-lavorazione-legna-omef.webp\" class=\"attachment-large size-large wp-image-6213\" alt=\"\" srcset=\"https:\/\/omefgroup.com\/wp-content\/uploads\/2025\/06\/home-lavorazione-legna-omef.webp 650w, https:\/\/omefgroup.com\/wp-content\/uploads\/2025\/06\/home-lavorazione-legna-omef-300x138.webp 300w\" sizes=\"(max-width: 650px) 100vw, 650px\" \/>\t\t\t\t\t\t\t\t<\/a>\n\t\t\t\t\t\t\t\t\t\t\t\t\t\t\t<\/div>\n\t\t\t\t<\/div>\n\t\t\t\t<div class=\"elementor-element elementor-element-61fc134 elementor-hidden-mobile elementor-widget elementor-widget-text-editor\" data-id=\"61fc134\" data-element_type=\"widget\" data-e-type=\"widget\" data-widget_type=\"text-editor.default\">\n\t\t\t\t<div class=\"elementor-widget-container\">\n\t\t\t\t\t\t\t\t\t<p>Maquinaria para el <strong>corte de troncos para la producci\u00f3n de le\u00f1a, astillado de madera<\/strong> y equipos de extracci\u00f3n y fresado de troncos de madera.<\/p>\t\t\t\t\t\t\t\t<\/div>\n\t\t\t\t<\/div>\n\t\t\t\t<\/div>\n\t\t<div class=\"elementor-element elementor-element-0df7c4e e-con-full e-flex e-con e-child\" data-id=\"0df7c4e\" data-element_type=\"container\" data-e-type=\"container\" data-settings=\"{&quot;background_background&quot;:&quot;classic&quot;}\">\n\t\t\t\t<div class=\"elementor-element elementor-element-4bec952 elementor-widget elementor-widget-heading\" data-id=\"4bec952\" data-element_type=\"widget\" data-e-type=\"widget\" data-widget_type=\"heading.default\">\n\t\t\t\t<div class=\"elementor-widget-container\">\n\t\t\t\t\t<h2 class=\"elementor-heading-title elementor-size-default\"><a href=\"https:\/\/omefgroup.com\/pinze-per-legna\/\">PINZAS PARA LE\u00d1A<\/a><\/h2>\t\t\t\t<\/div>\n\t\t\t\t<\/div>\n\t\t\t\t<div class=\"elementor-element elementor-element-d5dc9d7 elementor-widget elementor-widget-image\" data-id=\"d5dc9d7\" data-element_type=\"widget\" data-e-type=\"widget\" data-widget_type=\"image.default\">\n\t\t\t\t<div class=\"elementor-widget-container\">\n\t\t\t\t\t\t\t\t\t\t\t\t\t\t\t\t<a href=\"https:\/\/omefgroup.com\/pinze-per-legna\/\">\n\t\t\t\t\t\t\t<img decoding=\"async\" width=\"650\" height=\"300\" src=\"https:\/\/omefgroup.com\/wp-content\/uploads\/2025\/06\/home-pinze-legna-omef.webp\" class=\"attachment-large size-large wp-image-6225\" alt=\"\" srcset=\"https:\/\/omefgroup.com\/wp-content\/uploads\/2025\/06\/home-pinze-legna-omef.webp 650w, https:\/\/omefgroup.com\/wp-content\/uploads\/2025\/06\/home-pinze-legna-omef-300x138.webp 300w\" sizes=\"(max-width: 650px) 100vw, 650px\" \/>\t\t\t\t\t\t\t\t<\/a>\n\t\t\t\t\t\t\t\t\t\t\t\t\t\t\t<\/div>\n\t\t\t\t<\/div>\n\t\t\t\t<div class=\"elementor-element elementor-element-9b811e0 elementor-hidden-mobile elementor-widget elementor-widget-text-editor\" data-id=\"9b811e0\" data-element_type=\"widget\" data-e-type=\"widget\" data-widget_type=\"text-editor.default\">\n\t\t\t\t<div class=\"elementor-widget-container\">\n\t\t\t\t\t\t\t\t\t<p>Diferentes modelos de <strong>pinzas forestales<\/strong> para le\u00f1a: con puntas cerradas, puntas abiertas o equipadas con un <strong>kit de motosierra<\/strong> para serrar troncos.<\/p>\t\t\t\t\t\t\t\t<\/div>\n\t\t\t\t<\/div>\n\t\t\t\t<\/div>\n\t\t<div class=\"elementor-element elementor-element-d0c6f60 e-con-full e-flex e-con e-child\" data-id=\"d0c6f60\" data-element_type=\"container\" data-e-type=\"container\" data-settings=\"{&quot;background_background&quot;:&quot;classic&quot;}\">\n\t\t\t\t<div class=\"elementor-element elementor-element-c541daf elementor-widget elementor-widget-heading\" data-id=\"c541daf\" data-element_type=\"widget\" data-e-type=\"widget\" data-widget_type=\"heading.default\">\n\t\t\t\t<div class=\"elementor-widget-container\">\n\t\t\t\t\t<h2 class=\"elementor-heading-title elementor-size-default\"><a href=\"https:\/\/omefgroup.com\/trince-idrauliche\/\">TRITURADORAS HIDR\u00c1ULICAS<\/a><\/h2>\t\t\t\t<\/div>\n\t\t\t\t<\/div>\n\t\t\t\t<div class=\"elementor-element elementor-element-6dc6f84 elementor-widget elementor-widget-image\" data-id=\"6dc6f84\" data-element_type=\"widget\" data-e-type=\"widget\" data-widget_type=\"image.default\">\n\t\t\t\t<div class=\"elementor-widget-container\">\n\t\t\t\t\t\t\t\t\t\t\t\t\t\t\t\t<a href=\"https:\/\/omefgroup.com\/trince-idrauliche\/\">\n\t\t\t\t\t\t\t<img loading=\"lazy\" decoding=\"async\" width=\"650\" height=\"300\" src=\"https:\/\/omefgroup.com\/wp-content\/uploads\/2025\/06\/home-trince-idrauliche-omef-.webp\" class=\"attachment-large size-large wp-image-6243\" alt=\"attrezzature forestali OMEF gamma trince idrauliche\" srcset=\"https:\/\/omefgroup.com\/wp-content\/uploads\/2025\/06\/home-trince-idrauliche-omef-.webp 650w, https:\/\/omefgroup.com\/wp-content\/uploads\/2025\/06\/home-trince-idrauliche-omef--300x138.webp 300w\" sizes=\"(max-width: 650px) 100vw, 650px\" \/>\t\t\t\t\t\t\t\t<\/a>\n\t\t\t\t\t\t\t\t\t\t\t\t\t\t\t<\/div>\n\t\t\t\t<\/div>\n\t\t\t\t<div class=\"elementor-element elementor-element-76c001b elementor-hidden-mobile elementor-widget elementor-widget-text-editor\" data-id=\"76c001b\" data-element_type=\"widget\" data-e-type=\"widget\" data-widget_type=\"text-editor.default\">\n\t\t\t\t<div class=\"elementor-widget-container\">\n\t\t\t\t\t\t\t\t\t<p>Equipos profesionales para <strong>triturar hierba, arbustos y plantas<\/strong>, con mazas, cuchillos o dientes fijos, y segadoras hidr\u00e1ulicas para segar.<\/p>\t\t\t\t\t\t\t\t<\/div>\n\t\t\t\t<\/div>\n\t\t\t\t<\/div>\n\t\t<div class=\"elementor-element elementor-element-65545ba e-con-full e-flex e-con e-child\" data-id=\"65545ba\" data-element_type=\"container\" data-e-type=\"container\" data-settings=\"{&quot;background_background&quot;:&quot;classic&quot;}\">\n\t\t\t\t<div class=\"elementor-element elementor-element-06a2e08 elementor-widget elementor-widget-heading\" data-id=\"06a2e08\" data-element_type=\"widget\" data-e-type=\"widget\" data-widget_type=\"heading.default\">\n\t\t\t\t<div class=\"elementor-widget-container\">\n\t\t\t\t\t<h2 class=\"elementor-heading-title elementor-size-default\"><a href=\"https:\/\/omefgroup.com\/potatura-meccanica\/\">PODA MEC\u00c1NICA<\/a><\/h2>\t\t\t\t<\/div>\n\t\t\t\t<\/div>\n\t\t\t\t<div class=\"elementor-element elementor-element-24ce866 elementor-widget elementor-widget-image\" data-id=\"24ce866\" data-element_type=\"widget\" data-e-type=\"widget\" data-widget_type=\"image.default\">\n\t\t\t\t<div class=\"elementor-widget-container\">\n\t\t\t\t\t\t\t\t\t\t\t\t\t\t\t\t<a href=\"https:\/\/omefgroup.com\/potatura-meccanica\/\">\n\t\t\t\t\t\t\t<img loading=\"lazy\" decoding=\"async\" width=\"650\" height=\"300\" src=\"https:\/\/omefgroup.com\/wp-content\/uploads\/2025\/06\/home-potatura-meccanica-omef.webp\" class=\"attachment-large size-large wp-image-6231\" alt=\"\" srcset=\"https:\/\/omefgroup.com\/wp-content\/uploads\/2025\/06\/home-potatura-meccanica-omef.webp 650w, https:\/\/omefgroup.com\/wp-content\/uploads\/2025\/06\/home-potatura-meccanica-omef-300x138.webp 300w\" sizes=\"(max-width: 650px) 100vw, 650px\" \/>\t\t\t\t\t\t\t\t<\/a>\n\t\t\t\t\t\t\t\t\t\t\t\t\t\t\t<\/div>\n\t\t\t\t<\/div>\n\t\t\t\t<div class=\"elementor-element elementor-element-391fd63 elementor-hidden-mobile elementor-widget elementor-widget-text-editor\" data-id=\"391fd63\" data-element_type=\"widget\" data-e-type=\"widget\" data-widget_type=\"text-editor.default\">\n\t\t\t\t<div class=\"elementor-widget-container\">\n\t\t\t\t\t\t\t\t\t<p>Maquinaria para la <strong>poda de setos, arbustos y plantas<\/strong> tanto en entornos urbanos como agr\u00edcolas o forestales.<\/p>\t\t\t\t\t\t\t\t<\/div>\n\t\t\t\t<\/div>\n\t\t\t\t<\/div>\n\t\t<div class=\"elementor-element elementor-element-d43f35d e-con-full e-flex e-con e-child\" data-id=\"d43f35d\" data-element_type=\"container\" data-e-type=\"container\" data-settings=\"{&quot;background_background&quot;:&quot;classic&quot;}\">\n\t\t\t\t<div class=\"elementor-element elementor-element-91a6d4d elementor-widget elementor-widget-heading\" data-id=\"91a6d4d\" data-element_type=\"widget\" data-e-type=\"widget\" data-widget_type=\"heading.default\">\n\t\t\t\t<div class=\"elementor-widget-container\">\n\t\t\t\t\t<h2 class=\"elementor-heading-title elementor-size-default\"><a href=\"https:\/\/omefgroup.com\/lavorazione-terreno\/\">PROCESAMIENTO DEL SUELO<\/a><\/h2>\t\t\t\t<\/div>\n\t\t\t\t<\/div>\n\t\t\t\t<div class=\"elementor-element elementor-element-29b99f8 elementor-widget elementor-widget-image\" data-id=\"29b99f8\" data-element_type=\"widget\" data-e-type=\"widget\" data-widget_type=\"image.default\">\n\t\t\t\t<div class=\"elementor-widget-container\">\n\t\t\t\t\t\t\t\t\t\t\t\t\t\t\t\t<a href=\"https:\/\/omefgroup.com\/lavorazione-terreno\/\">\n\t\t\t\t\t\t\t<img loading=\"lazy\" decoding=\"async\" width=\"650\" height=\"300\" src=\"https:\/\/omefgroup.com\/wp-content\/uploads\/2025\/06\/home-lavorazione-terreno-omef.webp\" class=\"attachment-large size-large wp-image-6219\" alt=\"\" srcset=\"https:\/\/omefgroup.com\/wp-content\/uploads\/2025\/06\/home-lavorazione-terreno-omef.webp 650w, https:\/\/omefgroup.com\/wp-content\/uploads\/2025\/06\/home-lavorazione-terreno-omef-300x138.webp 300w\" sizes=\"(max-width: 650px) 100vw, 650px\" \/>\t\t\t\t\t\t\t\t<\/a>\n\t\t\t\t\t\t\t\t\t\t\t\t\t\t\t<\/div>\n\t\t\t\t<\/div>\n\t\t\t\t<div class=\"elementor-element elementor-element-5ba399c elementor-hidden-mobile elementor-widget elementor-widget-text-editor\" data-id=\"5ba399c\" data-element_type=\"widget\" data-e-type=\"widget\" data-widget_type=\"text-editor.default\">\n\t\t\t\t<div class=\"elementor-widget-container\">\n\t\t\t\t\t\t\t\t\t<p>Diferentes tipos de equipos para realizar trabajos en el suelo, como <strong>barrenas, compactadores, planta de pilotes y soplador de nieve.<\/strong><\/p>\t\t\t\t\t\t\t\t<\/div>\n\t\t\t\t<\/div>\n\t\t\t\t<\/div>\n\t\t\t\t<\/div>\n\t\t\t\t\t<\/div>\n\t\t\t\t<\/div>\n\t\t\t\t<\/div>\n\t\t","protected":false},"excerpt":{"rendered":"<p>EQUIPOS FORESTALES TALA DE \u00c1RBOLES Equipos espec\u00edficos para cortar, talar y desramar \u00e1rboles de todo tipo y di\u00e1metro. PROCESAMIENTO DE LA MADERA Maquinaria para el corte de troncos para la producci\u00f3n de le\u00f1a, astillado de madera y equipos de extracci\u00f3n y fresado de troncos de madera. PINZAS PARA LE\u00d1A Diferentes modelos de pinzas forestales para [&hellip;]<\/p>\n","protected":false},"author":1,"featured_media":0,"parent":0,"menu_order":0,"comment_status":"closed","ping_status":"closed","template":"","meta":{"footnotes":""},"class_list":["post-11382","page","type-page","status-publish","hentry"],"yoast_head":"<!-- This site is optimized with the Yoast SEO plugin v27.1.1 - https:\/\/yoast.com\/product\/yoast-seo-wordpress\/ -->\n<title>Equipos Forestales: tijeras, trituradoras Made in Italy | OMEF<\/title>\n<meta name=\"description\" content=\"Descubre las tijeras, trituradoras, pinzas y todos los equipos forestales de OMEF: calidad Made in Italy, alto rendimiento y fiabilidad.\" \/>\n<meta name=\"robots\" content=\"index, follow, max-snippet:-1, max-image-preview:large, max-video-preview:-1\" \/>\n<link rel=\"canonical\" href=\"https:\/\/omefgroup.com\/es\/equipos\/\" \/>\n<meta property=\"og:locale\" content=\"es_ES\" \/>\n<meta property=\"og:type\" content=\"article\" \/>\n<meta property=\"og:title\" content=\"Equipos Forestales: tijeras, trituradoras Made in Italy | OMEF\" \/>\n<meta property=\"og:description\" content=\"Descubre las tijeras, trituradoras, pinzas y todos los equipos forestales de OMEF: calidad Made in Italy, alto rendimiento y fiabilidad.\" \/>\n<meta property=\"og:url\" content=\"https:\/\/omefgroup.com\/es\/equipos\/\" \/>\n<meta property=\"og:site_name\" content=\"OMEF GROUP\" \/>\n<meta property=\"article:publisher\" content=\"https:\/\/www.facebook.com\/OmefForestryEquipment\/\" \/>\n<meta property=\"article:modified_time\" content=\"2025-10-16T16:52:50+00:00\" \/>\n<meta property=\"og:image\" content=\"https:\/\/omefgroup.com\/wp-content\/uploads\/2025\/10\/attrezzature-taglio-alberi-omef-home.webp\" \/>\n\t<meta property=\"og:image:width\" content=\"649\" \/>\n\t<meta property=\"og:image:height\" content=\"300\" \/>\n\t<meta property=\"og:image:type\" content=\"image\/webp\" \/>\n<meta name=\"twitter:card\" content=\"summary_large_image\" \/>\n<meta name=\"twitter:label1\" content=\"Tiempo de lectura\" \/>\n\t<meta name=\"twitter:data1\" content=\"1 minuto\" \/>\n<script type=\"application\/ld+json\" class=\"yoast-schema-graph\">{\"@context\":\"https:\/\/schema.org\",\"@graph\":[{\"@type\":\"WebPage\",\"@id\":\"https:\/\/omefgroup.com\/es\/equipos\/\",\"url\":\"https:\/\/omefgroup.com\/es\/equipos\/\",\"name\":\"Equipos Forestales: tijeras, trituradoras Made in Italy | OMEF\",\"isPartOf\":{\"@id\":\"https:\/\/omefgroup.com\/es\/#website\"},\"primaryImageOfPage\":{\"@id\":\"https:\/\/omefgroup.com\/es\/equipos\/#primaryimage\"},\"image\":{\"@id\":\"https:\/\/omefgroup.com\/es\/equipos\/#primaryimage\"},\"thumbnailUrl\":\"https:\/\/omefgroup.com\/wp-content\/uploads\/2025\/10\/attrezzature-taglio-alberi-omef-home.webp\",\"datePublished\":\"2025-05-06T19:32:00+00:00\",\"dateModified\":\"2025-10-16T16:52:50+00:00\",\"description\":\"Descubre las tijeras, trituradoras, pinzas y todos los equipos forestales de OMEF: calidad Made in Italy, alto rendimiento y fiabilidad.\",\"breadcrumb\":{\"@id\":\"https:\/\/omefgroup.com\/es\/equipos\/#breadcrumb\"},\"inLanguage\":\"es\",\"potentialAction\":[{\"@type\":\"ReadAction\",\"target\":[\"https:\/\/omefgroup.com\/es\/equipos\/\"]}]},{\"@type\":\"ImageObject\",\"inLanguage\":\"es\",\"@id\":\"https:\/\/omefgroup.com\/es\/equipos\/#primaryimage\",\"url\":\"https:\/\/omefgroup.com\/wp-content\/uploads\/2025\/10\/attrezzature-taglio-alberi-omef-home.webp\",\"contentUrl\":\"https:\/\/omefgroup.com\/wp-content\/uploads\/2025\/10\/attrezzature-taglio-alberi-omef-home.webp\"},{\"@type\":\"BreadcrumbList\",\"@id\":\"https:\/\/omefgroup.com\/es\/equipos\/#breadcrumb\",\"itemListElement\":[{\"@type\":\"ListItem\",\"position\":1,\"name\":\"Home\",\"item\":\"https:\/\/omefgroup.com\/es\/\"},{\"@type\":\"ListItem\",\"position\":2,\"name\":\"Equipos\"}]},{\"@type\":\"WebSite\",\"@id\":\"https:\/\/omefgroup.com\/es\/#website\",\"url\":\"https:\/\/omefgroup.com\/es\/\",\"name\":\"OMEF GROUP\",\"description\":\"\",\"publisher\":{\"@id\":\"https:\/\/omefgroup.com\/es\/#organization\"},\"alternateName\":\"OMEF\",\"potentialAction\":[{\"@type\":\"SearchAction\",\"target\":{\"@type\":\"EntryPoint\",\"urlTemplate\":\"https:\/\/omefgroup.com\/es\/?s={search_term_string}\"},\"query-input\":{\"@type\":\"PropertyValueSpecification\",\"valueRequired\":true,\"valueName\":\"search_term_string\"}}],\"inLanguage\":\"es\"},{\"@type\":\"Organization\",\"@id\":\"https:\/\/omefgroup.com\/es\/#organization\",\"name\":\"OMEF GROUP\",\"url\":\"https:\/\/omefgroup.com\/es\/\",\"logo\":{\"@type\":\"ImageObject\",\"inLanguage\":\"es\",\"@id\":\"https:\/\/omefgroup.com\/es\/#\/schema\/logo\/image\/\",\"url\":\"https:\/\/omefgroup.com\/wp-content\/uploads\/2025\/07\/logo-OMEF-GRIGIO-2025_NERO.png\",\"contentUrl\":\"https:\/\/omefgroup.com\/wp-content\/uploads\/2025\/07\/logo-OMEF-GRIGIO-2025_NERO.png\",\"width\":871,\"height\":375,\"caption\":\"OMEF GROUP\"},\"image\":{\"@id\":\"https:\/\/omefgroup.com\/es\/#\/schema\/logo\/image\/\"},\"sameAs\":[\"https:\/\/www.facebook.com\/OmefForestryEquipment\/\",\"https:\/\/www.instagram.com\/omefgroup\/\",\"https:\/\/www.youtube.com\/@omefgroup\",\"https:\/\/www.tiktok.com\/@omef.group.official\",\"https:\/\/it.linkedin.com\/company\/omef\"]}]}<\/script>\n<!-- \/ Yoast SEO plugin. -->","yoast_head_json":{"title":"Equipos Forestales: tijeras, trituradoras Made in Italy | OMEF","description":"Descubre las tijeras, trituradoras, pinzas y todos los equipos forestales de OMEF: calidad Made in Italy, alto rendimiento y fiabilidad.","robots":{"index":"index","follow":"follow","max-snippet":"max-snippet:-1","max-image-preview":"max-image-preview:large","max-video-preview":"max-video-preview:-1"},"canonical":"https:\/\/omefgroup.com\/es\/equipos\/","og_locale":"es_ES","og_type":"article","og_title":"Equipos Forestales: tijeras, trituradoras Made in Italy | OMEF","og_description":"Descubre las tijeras, trituradoras, pinzas y todos los equipos forestales de OMEF: calidad Made in Italy, alto rendimiento y fiabilidad.","og_url":"https:\/\/omefgroup.com\/es\/equipos\/","og_site_name":"OMEF GROUP","article_publisher":"https:\/\/www.facebook.com\/OmefForestryEquipment\/","article_modified_time":"2025-10-16T16:52:50+00:00","og_image":[{"width":649,"height":300,"url":"https:\/\/omefgroup.com\/wp-content\/uploads\/2025\/10\/attrezzature-taglio-alberi-omef-home.webp","type":"image\/webp"}],"twitter_card":"summary_large_image","twitter_misc":{"Tiempo de lectura":"1 minuto"},"schema":{"@context":"https:\/\/schema.org","@graph":[{"@type":"WebPage","@id":"https:\/\/omefgroup.com\/es\/equipos\/","url":"https:\/\/omefgroup.com\/es\/equipos\/","name":"Equipos Forestales: tijeras, trituradoras Made in Italy | OMEF","isPartOf":{"@id":"https:\/\/omefgroup.com\/es\/#website"},"primaryImageOfPage":{"@id":"https:\/\/omefgroup.com\/es\/equipos\/#primaryimage"},"image":{"@id":"https:\/\/omefgroup.com\/es\/equipos\/#primaryimage"},"thumbnailUrl":"https:\/\/omefgroup.com\/wp-content\/uploads\/2025\/10\/attrezzature-taglio-alberi-omef-home.webp","datePublished":"2025-05-06T19:32:00+00:00","dateModified":"2025-10-16T16:52:50+00:00","description":"Descubre las tijeras, trituradoras, pinzas y todos los equipos forestales de OMEF: calidad Made in Italy, alto rendimiento y fiabilidad.","breadcrumb":{"@id":"https:\/\/omefgroup.com\/es\/equipos\/#breadcrumb"},"inLanguage":"es","potentialAction":[{"@type":"ReadAction","target":["https:\/\/omefgroup.com\/es\/equipos\/"]}]},{"@type":"ImageObject","inLanguage":"es","@id":"https:\/\/omefgroup.com\/es\/equipos\/#primaryimage","url":"https:\/\/omefgroup.com\/wp-content\/uploads\/2025\/10\/attrezzature-taglio-alberi-omef-home.webp","contentUrl":"https:\/\/omefgroup.com\/wp-content\/uploads\/2025\/10\/attrezzature-taglio-alberi-omef-home.webp"},{"@type":"BreadcrumbList","@id":"https:\/\/omefgroup.com\/es\/equipos\/#breadcrumb","itemListElement":[{"@type":"ListItem","position":1,"name":"Home","item":"https:\/\/omefgroup.com\/es\/"},{"@type":"ListItem","position":2,"name":"Equipos"}]},{"@type":"WebSite","@id":"https:\/\/omefgroup.com\/es\/#website","url":"https:\/\/omefgroup.com\/es\/","name":"OMEF GROUP","description":"","publisher":{"@id":"https:\/\/omefgroup.com\/es\/#organization"},"alternateName":"OMEF","potentialAction":[{"@type":"SearchAction","target":{"@type":"EntryPoint","urlTemplate":"https:\/\/omefgroup.com\/es\/?s={search_term_string}"},"query-input":{"@type":"PropertyValueSpecification","valueRequired":true,"valueName":"search_term_string"}}],"inLanguage":"es"},{"@type":"Organization","@id":"https:\/\/omefgroup.com\/es\/#organization","name":"OMEF GROUP","url":"https:\/\/omefgroup.com\/es\/","logo":{"@type":"ImageObject","inLanguage":"es","@id":"https:\/\/omefgroup.com\/es\/#\/schema\/logo\/image\/","url":"https:\/\/omefgroup.com\/wp-content\/uploads\/2025\/07\/logo-OMEF-GRIGIO-2025_NERO.png","contentUrl":"https:\/\/omefgroup.com\/wp-content\/uploads\/2025\/07\/logo-OMEF-GRIGIO-2025_NERO.png","width":871,"height":375,"caption":"OMEF GROUP"},"image":{"@id":"https:\/\/omefgroup.com\/es\/#\/schema\/logo\/image\/"},"sameAs":["https:\/\/www.facebook.com\/OmefForestryEquipment\/","https:\/\/www.instagram.com\/omefgroup\/","https:\/\/www.youtube.com\/@omefgroup","https:\/\/www.tiktok.com\/@omef.group.official","https:\/\/it.linkedin.com\/company\/omef"]}]}},"_links":{"self":[{"href":"https:\/\/omefgroup.com\/es\/wp-json\/wp\/v2\/pages\/11382","targetHints":{"allow":["GET"]}}],"collection":[{"href":"https:\/\/omefgroup.com\/es\/wp-json\/wp\/v2\/pages"}],"about":[{"href":"https:\/\/omefgroup.com\/es\/wp-json\/wp\/v2\/types\/page"}],"author":[{"embeddable":true,"href":"https:\/\/omefgroup.com\/es\/wp-json\/wp\/v2\/users\/1"}],"replies":[{"embeddable":true,"href":"https:\/\/omefgroup.com\/es\/wp-json\/wp\/v2\/comments?post=11382"}],"version-history":[{"count":4,"href":"https:\/\/omefgroup.com\/es\/wp-json\/wp\/v2\/pages\/11382\/revisions"}],"predecessor-version":[{"id":13995,"href":"https:\/\/omefgroup.com\/es\/wp-json\/wp\/v2\/pages\/11382\/revisions\/13995"}],"wp:attachment":[{"href":"https:\/\/omefgroup.com\/es\/wp-json\/wp\/v2\/media?parent=11382"}],"curies":[{"name":"wp","href":"https:\/\/api.w.org\/{rel}","templated":true}]}}