{"id":11408,"date":"2025-07-02T08:00:20","date_gmt":"2025-07-02T08:00:20","guid":{"rendered":"https:\/\/omef.quode.it\/gracias-lavora-con-noi\/"},"modified":"2025-07-23T14:10:35","modified_gmt":"2025-07-23T14:10:35","slug":"gracias-lavora-con-noi","status":"publish","type":"page","link":"https:\/\/omefgroup.com\/es\/gracias-lavora-con-noi\/","title":{"rendered":"Gracias"},"content":{"rendered":"\t\t<div data-elementor-type=\"wp-page\" data-elementor-id=\"11408\" class=\"elementor elementor-11408 elementor-10248\" data-elementor-post-type=\"page\">\n\t\t\t\t<div class=\"elementor-element elementor-element-36ce629 e-flex e-con-boxed e-con e-parent\" data-id=\"36ce629\" data-element_type=\"container\" data-e-type=\"container\" data-settings=\"{&quot;background_background&quot;:&quot;classic&quot;}\">\n\t\t\t\t\t<div class=\"e-con-inner\">\n\t\t\t\t<div class=\"elementor-element elementor-element-4e2e99f elementor-widget elementor-widget-heading\" data-id=\"4e2e99f\" data-element_type=\"widget\" data-e-type=\"widget\" data-widget_type=\"heading.default\">\n\t\t\t\t<div class=\"elementor-widget-container\">\n\t\t\t\t\t<h1 class=\"elementor-heading-title elementor-size-default\">GRACIAS<\/h1>\t\t\t\t<\/div>\n\t\t\t\t<\/div>\n\t\t\t\t<div class=\"elementor-element elementor-element-1042e29 elementor-widget elementor-widget-text-editor\" data-id=\"1042e29\" data-element_type=\"widget\" data-e-type=\"widget\" data-widget_type=\"text-editor.default\">\n\t\t\t\t<div class=\"elementor-widget-container\">\n\t\t\t\t\t\t\t\t\t<p><strong data-start=\"1361\" data-end=\"1420\">Gracias por presentar tu candidatura a OMEF.<\/strong><br data-start=\"1420\" data-end=\"1423\">Estamos encantados con tu inter\u00e9s: nuestro equipo de RRHH examinar\u00e1 detenidamente tu perfil y se pondr\u00e1 en contacto contigo si tu trayectoria se ajusta a nuestros requisitos.<br data-start=\"1584\" data-end=\"1587\">Te invitamos a seguirnos en <strong><a href=\"https:\/\/it.linkedin.com\/company\/omef\">LinkedIn<\/a><\/strong> para estar al d\u00eda de las nuevas oportunidades y de la vida en la empresa.<\/p>\t\t\t\t\t\t\t\t<\/div>\n\t\t\t\t<\/div>\n\t\t\t\t\t<\/div>\n\t\t\t\t<\/div>\n\t\t<div class=\"elementor-element elementor-element-d5b4db1 e-flex e-con-boxed e-con e-parent\" data-id=\"d5b4db1\" data-element_type=\"container\" data-e-type=\"container\" data-settings=\"{&quot;background_background&quot;:&quot;classic&quot;}\">\n\t\t\t\t\t<div class=\"e-con-inner\">\n\t\t\t\t<div class=\"elementor-element elementor-element-d4db598 elementor-widget elementor-widget-heading\" data-id=\"d4db598\" data-element_type=\"widget\" data-e-type=\"widget\" data-widget_type=\"heading.default\">\n\t\t\t\t<div class=\"elementor-widget-container\">\n\t\t\t\t\t<h3 class=\"elementor-heading-title elementor-size-default\">DESCUBRA NUESTRA EMPRESA<\/h3>\t\t\t\t<\/div>\n\t\t\t\t<\/div>\n\t\t\t\t<div class=\"elementor-element elementor-element-c0f66b6 elementor-widget elementor-widget-text-editor\" data-id=\"c0f66b6\" data-element_type=\"widget\" data-e-type=\"widget\" data-widget_type=\"text-editor.default\">\n\t\t\t\t<div class=\"elementor-widget-container\">\n\t\t\t\t\t\t\t\t\t<p>Somos una empresa italiana, que opera a nivel internacional, especializada &#8211; desde 1994 &#8211; en el dise\u00f1o y producci\u00f3n de <strong>equipos forestales<\/strong> y <strong>m\u00e1quinas multifuncionales para el mantenimiento verde.<\/strong><\/p>\t\t\t\t\t\t\t\t<\/div>\n\t\t\t\t<\/div>\n\t\t\t\t<div class=\"elementor-element elementor-element-c76b4fe elementor-widget elementor-widget-image\" data-id=\"c76b4fe\" data-element_type=\"widget\" data-e-type=\"widget\" data-widget_type=\"image.default\">\n\t\t\t\t<div class=\"elementor-widget-container\">\n\t\t\t\t\t\t\t\t\t\t\t\t\t\t\t<img fetchpriority=\"high\" decoding=\"async\" width=\"800\" height=\"450\" src=\"https:\/\/omefgroup.com\/wp-content\/uploads\/2025\/07\/scopri-azienda-chi-siamo-omef.webp\" class=\"attachment-large size-large wp-image-10221\" alt=\"\" srcset=\"https:\/\/omefgroup.com\/wp-content\/uploads\/2025\/07\/scopri-azienda-chi-siamo-omef.webp 800w, https:\/\/omefgroup.com\/wp-content\/uploads\/2025\/07\/scopri-azienda-chi-siamo-omef-300x169.webp 300w, https:\/\/omefgroup.com\/wp-content\/uploads\/2025\/07\/scopri-azienda-chi-siamo-omef-768x432.webp 768w\" sizes=\"(max-width: 800px) 100vw, 800px\" \/>\t\t\t\t\t\t\t\t\t\t\t\t\t\t\t<\/div>\n\t\t\t\t<\/div>\n\t\t\t\t<div class=\"elementor-element elementor-element-4b2be42 elementor-align-center elementor-widget elementor-widget-button\" data-id=\"4b2be42\" data-element_type=\"widget\" data-e-type=\"widget\" data-widget_type=\"button.default\">\n\t\t\t\t<div class=\"elementor-widget-container\">\n\t\t\t\t\t\t\t\t\t<div class=\"elementor-button-wrapper\">\n\t\t\t\t\t<a class=\"elementor-button elementor-button-link elementor-size-sm\" href=\"https:\/\/omefgroup.com\/es\/sobre-nosotros\/\">\n\t\t\t\t\t\t<span class=\"elementor-button-content-wrapper\">\n\t\t\t\t\t\t\t\t\t<span class=\"elementor-button-text\">DESCUBRA M\u00c1S<\/span>\n\t\t\t\t\t<\/span>\n\t\t\t\t\t<\/a>\n\t\t\t\t<\/div>\n\t\t\t\t\t\t\t\t<\/div>\n\t\t\t\t<\/div>\n\t\t\t\t\t<\/div>\n\t\t\t\t<\/div>\n\t\t\t\t<\/div>\n\t\t","protected":false},"excerpt":{"rendered":"<p>GRACIAS Gracias por presentar tu candidatura a OMEF.Estamos encantados con tu inter\u00e9s: nuestro equipo de RRHH examinar\u00e1 detenidamente tu perfil y se pondr\u00e1 en contacto contigo si tu trayectoria se ajusta a nuestros requisitos.Te invitamos a seguirnos en LinkedIn para estar al d\u00eda de las nuevas oportunidades y de la vida en la empresa. DESCUBRA [&hellip;]<\/p>\n","protected":false},"author":2,"featured_media":0,"parent":0,"menu_order":0,"comment_status":"closed","ping_status":"closed","template":"","meta":{"footnotes":""},"class_list":["post-11408","page","type-page","status-publish","hentry"],"yoast_head":"<!-- This site is optimized with the Yoast SEO plugin v27.1.1 - https:\/\/yoast.com\/product\/yoast-seo-wordpress\/ -->\n<title>Gracias - OMEF GROUP<\/title>\n<meta name=\"robots\" content=\"index, follow, max-snippet:-1, max-image-preview:large, max-video-preview:-1\" \/>\n<link rel=\"canonical\" href=\"https:\/\/omefgroup.com\/es\/gracias-lavora-con-noi\/\" \/>\n<meta property=\"og:locale\" content=\"es_ES\" \/>\n<meta property=\"og:type\" content=\"article\" \/>\n<meta property=\"og:title\" content=\"Gracias - OMEF GROUP\" \/>\n<meta property=\"og:description\" content=\"GRACIAS Gracias por presentar tu candidatura a OMEF.Estamos encantados con tu inter\u00e9s: nuestro equipo de RRHH examinar\u00e1 detenidamente tu perfil y se pondr\u00e1 en contacto contigo si tu trayectoria se ajusta a nuestros requisitos.Te invitamos a seguirnos en LinkedIn para estar al d\u00eda de las nuevas oportunidades y de la vida en la empresa. DESCUBRA [&hellip;]\" \/>\n<meta property=\"og:url\" content=\"https:\/\/omefgroup.com\/es\/gracias-lavora-con-noi\/\" \/>\n<meta property=\"og:site_name\" content=\"OMEF GROUP\" \/>\n<meta property=\"article:publisher\" content=\"https:\/\/www.facebook.com\/OmefForestryEquipment\/\" \/>\n<meta property=\"article:modified_time\" content=\"2025-07-23T14:10:35+00:00\" \/>\n<meta property=\"og:image\" content=\"https:\/\/omefgroup.com\/wp-content\/uploads\/2025\/07\/scopri-azienda-chi-siamo-omef.webp\" \/>\n\t<meta property=\"og:image:width\" content=\"800\" \/>\n\t<meta property=\"og:image:height\" content=\"450\" \/>\n\t<meta property=\"og:image:type\" content=\"image\/webp\" \/>\n<meta name=\"twitter:card\" content=\"summary_large_image\" \/>\n<script type=\"application\/ld+json\" class=\"yoast-schema-graph\">{\"@context\":\"https:\/\/schema.org\",\"@graph\":[{\"@type\":\"WebPage\",\"@id\":\"https:\/\/omefgroup.com\/es\/gracias-lavora-con-noi\/\",\"url\":\"https:\/\/omefgroup.com\/es\/gracias-lavora-con-noi\/\",\"name\":\"Gracias - OMEF GROUP\",\"isPartOf\":{\"@id\":\"https:\/\/omefgroup.com\/es\/#website\"},\"primaryImageOfPage\":{\"@id\":\"https:\/\/omefgroup.com\/es\/gracias-lavora-con-noi\/#primaryimage\"},\"image\":{\"@id\":\"https:\/\/omefgroup.com\/es\/gracias-lavora-con-noi\/#primaryimage\"},\"thumbnailUrl\":\"https:\/\/omefgroup.com\/wp-content\/uploads\/2025\/07\/scopri-azienda-chi-siamo-omef.webp\",\"datePublished\":\"2025-07-02T08:00:20+00:00\",\"dateModified\":\"2025-07-23T14:10:35+00:00\",\"breadcrumb\":{\"@id\":\"https:\/\/omefgroup.com\/es\/gracias-lavora-con-noi\/#breadcrumb\"},\"inLanguage\":\"es\",\"potentialAction\":[{\"@type\":\"ReadAction\",\"target\":[\"https:\/\/omefgroup.com\/es\/gracias-lavora-con-noi\/\"]}]},{\"@type\":\"ImageObject\",\"inLanguage\":\"es\",\"@id\":\"https:\/\/omefgroup.com\/es\/gracias-lavora-con-noi\/#primaryimage\",\"url\":\"https:\/\/omefgroup.com\/wp-content\/uploads\/2025\/07\/scopri-azienda-chi-siamo-omef.webp\",\"contentUrl\":\"https:\/\/omefgroup.com\/wp-content\/uploads\/2025\/07\/scopri-azienda-chi-siamo-omef.webp\"},{\"@type\":\"BreadcrumbList\",\"@id\":\"https:\/\/omefgroup.com\/es\/gracias-lavora-con-noi\/#breadcrumb\",\"itemListElement\":[{\"@type\":\"ListItem\",\"position\":1,\"name\":\"Home\",\"item\":\"https:\/\/omefgroup.com\/es\/\"},{\"@type\":\"ListItem\",\"position\":2,\"name\":\"Gracias\"}]},{\"@type\":\"WebSite\",\"@id\":\"https:\/\/omefgroup.com\/es\/#website\",\"url\":\"https:\/\/omefgroup.com\/es\/\",\"name\":\"OMEF GROUP\",\"description\":\"\",\"publisher\":{\"@id\":\"https:\/\/omefgroup.com\/es\/#organization\"},\"alternateName\":\"OMEF\",\"potentialAction\":[{\"@type\":\"SearchAction\",\"target\":{\"@type\":\"EntryPoint\",\"urlTemplate\":\"https:\/\/omefgroup.com\/es\/?s={search_term_string}\"},\"query-input\":{\"@type\":\"PropertyValueSpecification\",\"valueRequired\":true,\"valueName\":\"search_term_string\"}}],\"inLanguage\":\"es\"},{\"@type\":\"Organization\",\"@id\":\"https:\/\/omefgroup.com\/es\/#organization\",\"name\":\"OMEF GROUP\",\"url\":\"https:\/\/omefgroup.com\/es\/\",\"logo\":{\"@type\":\"ImageObject\",\"inLanguage\":\"es\",\"@id\":\"https:\/\/omefgroup.com\/es\/#\/schema\/logo\/image\/\",\"url\":\"https:\/\/omefgroup.com\/wp-content\/uploads\/2025\/07\/logo-OMEF-GRIGIO-2025_NERO.png\",\"contentUrl\":\"https:\/\/omefgroup.com\/wp-content\/uploads\/2025\/07\/logo-OMEF-GRIGIO-2025_NERO.png\",\"width\":871,\"height\":375,\"caption\":\"OMEF GROUP\"},\"image\":{\"@id\":\"https:\/\/omefgroup.com\/es\/#\/schema\/logo\/image\/\"},\"sameAs\":[\"https:\/\/www.facebook.com\/OmefForestryEquipment\/\",\"https:\/\/www.instagram.com\/omefgroup\/\",\"https:\/\/www.youtube.com\/@omefgroup\",\"https:\/\/www.tiktok.com\/@omef.group.official\",\"https:\/\/it.linkedin.com\/company\/omef\"]}]}<\/script>\n<!-- \/ Yoast SEO plugin. -->","yoast_head_json":{"title":"Gracias - OMEF GROUP","robots":{"index":"index","follow":"follow","max-snippet":"max-snippet:-1","max-image-preview":"max-image-preview:large","max-video-preview":"max-video-preview:-1"},"canonical":"https:\/\/omefgroup.com\/es\/gracias-lavora-con-noi\/","og_locale":"es_ES","og_type":"article","og_title":"Gracias - OMEF GROUP","og_description":"GRACIAS Gracias por presentar tu candidatura a OMEF.Estamos encantados con tu inter\u00e9s: nuestro equipo de RRHH examinar\u00e1 detenidamente tu perfil y se pondr\u00e1 en contacto contigo si tu trayectoria se ajusta a nuestros requisitos.Te invitamos a seguirnos en LinkedIn para estar al d\u00eda de las nuevas oportunidades y de la vida en la empresa. DESCUBRA [&hellip;]","og_url":"https:\/\/omefgroup.com\/es\/gracias-lavora-con-noi\/","og_site_name":"OMEF GROUP","article_publisher":"https:\/\/www.facebook.com\/OmefForestryEquipment\/","article_modified_time":"2025-07-23T14:10:35+00:00","og_image":[{"width":800,"height":450,"url":"https:\/\/omefgroup.com\/wp-content\/uploads\/2025\/07\/scopri-azienda-chi-siamo-omef.webp","type":"image\/webp"}],"twitter_card":"summary_large_image","schema":{"@context":"https:\/\/schema.org","@graph":[{"@type":"WebPage","@id":"https:\/\/omefgroup.com\/es\/gracias-lavora-con-noi\/","url":"https:\/\/omefgroup.com\/es\/gracias-lavora-con-noi\/","name":"Gracias - OMEF GROUP","isPartOf":{"@id":"https:\/\/omefgroup.com\/es\/#website"},"primaryImageOfPage":{"@id":"https:\/\/omefgroup.com\/es\/gracias-lavora-con-noi\/#primaryimage"},"image":{"@id":"https:\/\/omefgroup.com\/es\/gracias-lavora-con-noi\/#primaryimage"},"thumbnailUrl":"https:\/\/omefgroup.com\/wp-content\/uploads\/2025\/07\/scopri-azienda-chi-siamo-omef.webp","datePublished":"2025-07-02T08:00:20+00:00","dateModified":"2025-07-23T14:10:35+00:00","breadcrumb":{"@id":"https:\/\/omefgroup.com\/es\/gracias-lavora-con-noi\/#breadcrumb"},"inLanguage":"es","potentialAction":[{"@type":"ReadAction","target":["https:\/\/omefgroup.com\/es\/gracias-lavora-con-noi\/"]}]},{"@type":"ImageObject","inLanguage":"es","@id":"https:\/\/omefgroup.com\/es\/gracias-lavora-con-noi\/#primaryimage","url":"https:\/\/omefgroup.com\/wp-content\/uploads\/2025\/07\/scopri-azienda-chi-siamo-omef.webp","contentUrl":"https:\/\/omefgroup.com\/wp-content\/uploads\/2025\/07\/scopri-azienda-chi-siamo-omef.webp"},{"@type":"BreadcrumbList","@id":"https:\/\/omefgroup.com\/es\/gracias-lavora-con-noi\/#breadcrumb","itemListElement":[{"@type":"ListItem","position":1,"name":"Home","item":"https:\/\/omefgroup.com\/es\/"},{"@type":"ListItem","position":2,"name":"Gracias"}]},{"@type":"WebSite","@id":"https:\/\/omefgroup.com\/es\/#website","url":"https:\/\/omefgroup.com\/es\/","name":"OMEF GROUP","description":"","publisher":{"@id":"https:\/\/omefgroup.com\/es\/#organization"},"alternateName":"OMEF","potentialAction":[{"@type":"SearchAction","target":{"@type":"EntryPoint","urlTemplate":"https:\/\/omefgroup.com\/es\/?s={search_term_string}"},"query-input":{"@type":"PropertyValueSpecification","valueRequired":true,"valueName":"search_term_string"}}],"inLanguage":"es"},{"@type":"Organization","@id":"https:\/\/omefgroup.com\/es\/#organization","name":"OMEF GROUP","url":"https:\/\/omefgroup.com\/es\/","logo":{"@type":"ImageObject","inLanguage":"es","@id":"https:\/\/omefgroup.com\/es\/#\/schema\/logo\/image\/","url":"https:\/\/omefgroup.com\/wp-content\/uploads\/2025\/07\/logo-OMEF-GRIGIO-2025_NERO.png","contentUrl":"https:\/\/omefgroup.com\/wp-content\/uploads\/2025\/07\/logo-OMEF-GRIGIO-2025_NERO.png","width":871,"height":375,"caption":"OMEF GROUP"},"image":{"@id":"https:\/\/omefgroup.com\/es\/#\/schema\/logo\/image\/"},"sameAs":["https:\/\/www.facebook.com\/OmefForestryEquipment\/","https:\/\/www.instagram.com\/omefgroup\/","https:\/\/www.youtube.com\/@omefgroup","https:\/\/www.tiktok.com\/@omef.group.official","https:\/\/it.linkedin.com\/company\/omef"]}]}},"_links":{"self":[{"href":"https:\/\/omefgroup.com\/es\/wp-json\/wp\/v2\/pages\/11408","targetHints":{"allow":["GET"]}}],"collection":[{"href":"https:\/\/omefgroup.com\/es\/wp-json\/wp\/v2\/pages"}],"about":[{"href":"https:\/\/omefgroup.com\/es\/wp-json\/wp\/v2\/types\/page"}],"author":[{"embeddable":true,"href":"https:\/\/omefgroup.com\/es\/wp-json\/wp\/v2\/users\/2"}],"replies":[{"embeddable":true,"href":"https:\/\/omefgroup.com\/es\/wp-json\/wp\/v2\/comments?post=11408"}],"version-history":[{"count":2,"href":"https:\/\/omefgroup.com\/es\/wp-json\/wp\/v2\/pages\/11408\/revisions"}],"predecessor-version":[{"id":12086,"href":"https:\/\/omefgroup.com\/es\/wp-json\/wp\/v2\/pages\/11408\/revisions\/12086"}],"wp:attachment":[{"href":"https:\/\/omefgroup.com\/es\/wp-json\/wp\/v2\/media?parent=11408"}],"curies":[{"name":"wp","href":"https:\/\/api.w.org\/{rel}","templated":true}]}}