{"id":10928,"date":"2025-05-06T19:32:00","date_gmt":"2025-05-06T19:32:00","guid":{"rendered":"https:\/\/omef.quode.it\/accueil\/"},"modified":"2025-10-16T16:52:51","modified_gmt":"2025-10-16T16:52:51","slug":"equipements-forestiers-coupe_darbres-broyeurs-grappins-omef","status":"publish","type":"page","link":"https:\/\/omefgroup.com\/fr\/equipements-omef\/","title":{"rendered":"\u00c9quipements"},"content":{"rendered":"\t\t<div data-elementor-type=\"wp-page\" data-elementor-id=\"10928\" class=\"elementor elementor-10928 elementor-2038\" data-elementor-post-type=\"page\">\n\t\t\t\t<div class=\"elementor-element elementor-element-38126be e-flex e-con-boxed e-con e-parent\" data-id=\"38126be\" data-element_type=\"container\" data-e-type=\"container\" data-settings=\"{&quot;background_background&quot;:&quot;classic&quot;}\">\n\t\t\t\t\t<div class=\"e-con-inner\">\n\t\t\t\t<div class=\"elementor-element elementor-element-284cec2 elementor-widget elementor-widget-heading\" data-id=\"284cec2\" data-element_type=\"widget\" data-e-type=\"widget\" data-widget_type=\"heading.default\">\n\t\t\t\t<div class=\"elementor-widget-container\">\n\t\t\t\t\t<h1 class=\"elementor-heading-title elementor-size-default\">EQUIPMENTS FORESTIERS<\/h1>\t\t\t\t<\/div>\n\t\t\t\t<\/div>\n\t\t\t\t<div class=\"elementor-element elementor-element-f50ad4d elementor-widget-divider--view-line elementor-widget elementor-widget-divider\" data-id=\"f50ad4d\" data-element_type=\"widget\" data-e-type=\"widget\" data-widget_type=\"divider.default\">\n\t\t\t\t<div class=\"elementor-widget-container\">\n\t\t\t\t\t\t\t<div class=\"elementor-divider\">\n\t\t\t<span class=\"elementor-divider-separator\">\n\t\t\t\t\t\t<\/span>\n\t\t<\/div>\n\t\t\t\t\t\t<\/div>\n\t\t\t\t<\/div>\n\t\t<div class=\"elementor-element elementor-element-73349a3 e-con-full e-grid e-con e-child\" data-id=\"73349a3\" data-element_type=\"container\" data-e-type=\"container\" data-settings=\"{&quot;background_background&quot;:&quot;classic&quot;}\">\n\t\t<div class=\"elementor-element elementor-element-8b5910a e-con-full e-flex e-con e-child\" data-id=\"8b5910a\" data-element_type=\"container\" data-e-type=\"container\" data-settings=\"{&quot;background_background&quot;:&quot;classic&quot;}\">\n\t\t\t\t<div class=\"elementor-element elementor-element-933f419 elementor-widget elementor-widget-heading\" data-id=\"933f419\" data-element_type=\"widget\" data-e-type=\"widget\" data-widget_type=\"heading.default\">\n\t\t\t\t<div class=\"elementor-widget-container\">\n\t\t\t\t\t<h2 class=\"elementor-heading-title elementor-size-default\"><a href=\"https:\/\/omefgroup.com\/taglio-alberi\/\">COUPE D'ARBRES<\/a><\/h2>\t\t\t\t<\/div>\n\t\t\t\t<\/div>\n\t\t\t\t<div class=\"elementor-element elementor-element-d5fb5c5 elementor-widget elementor-widget-image\" data-id=\"d5fb5c5\" data-element_type=\"widget\" data-e-type=\"widget\" data-widget_type=\"image.default\">\n\t\t\t\t<div class=\"elementor-widget-container\">\n\t\t\t\t\t\t\t\t\t\t\t\t\t\t\t\t<a href=\"https:\/\/omefgroup.com\/taglio-alberi\/\">\n\t\t\t\t\t\t\t<img fetchpriority=\"high\" decoding=\"async\" width=\"649\" height=\"300\" src=\"https:\/\/omefgroup.com\/wp-content\/uploads\/2025\/10\/attrezzature-taglio-alberi-omef-home.webp\" class=\"attachment-large size-large wp-image-13424\" alt=\"attrezzature forestali OMEF per il taglio degli alberi\" srcset=\"https:\/\/omefgroup.com\/wp-content\/uploads\/2025\/10\/attrezzature-taglio-alberi-omef-home.webp 649w, https:\/\/omefgroup.com\/wp-content\/uploads\/2025\/10\/attrezzature-taglio-alberi-omef-home-300x139.webp 300w\" sizes=\"(max-width: 649px) 100vw, 649px\" \/>\t\t\t\t\t\t\t\t<\/a>\n\t\t\t\t\t\t\t\t\t\t\t\t\t\t\t<\/div>\n\t\t\t\t<\/div>\n\t\t\t\t<div class=\"elementor-element elementor-element-ad727fd elementor-hidden-mobile elementor-widget elementor-widget-text-editor\" data-id=\"ad727fd\" data-element_type=\"widget\" data-e-type=\"widget\" data-widget_type=\"text-editor.default\">\n\t\t\t\t<div class=\"elementor-widget-container\">\n\t\t\t\t\t\t\t\t\t<p>\u00c9quipements sp\u00e9cialis\u00e9 pour la coupe, <strong>l&rsquo;abattage, le sectionnement et l&rsquo;\u00e9branchage d&rsquo;arbres<\/strong> de tous types et de tous diam\u00e8tres.<\/p>\t\t\t\t\t\t\t\t<\/div>\n\t\t\t\t<\/div>\n\t\t\t\t<\/div>\n\t\t<div class=\"elementor-element elementor-element-f9b61d8 e-con-full e-flex e-con e-child\" data-id=\"f9b61d8\" data-element_type=\"container\" data-e-type=\"container\" data-settings=\"{&quot;background_background&quot;:&quot;classic&quot;}\">\n\t\t\t\t<div class=\"elementor-element elementor-element-1d464a7 elementor-widget elementor-widget-heading\" data-id=\"1d464a7\" data-element_type=\"widget\" data-e-type=\"widget\" data-widget_type=\"heading.default\">\n\t\t\t\t<div class=\"elementor-widget-container\">\n\t\t\t\t\t<h2 class=\"elementor-heading-title elementor-size-default\"><a href=\"https:\/\/omefgroup.com\/lavorazione-legna\/\">TRANSFORMATION DU BOIS<\/a><\/h2>\t\t\t\t<\/div>\n\t\t\t\t<\/div>\n\t\t\t\t<div class=\"elementor-element elementor-element-dbdeb71 elementor-widget elementor-widget-image\" data-id=\"dbdeb71\" data-element_type=\"widget\" data-e-type=\"widget\" data-widget_type=\"image.default\">\n\t\t\t\t<div class=\"elementor-widget-container\">\n\t\t\t\t\t\t\t\t\t\t\t\t\t\t\t\t<a href=\"https:\/\/omefgroup.com\/lavorazione-legna\/\">\n\t\t\t\t\t\t\t<img decoding=\"async\" width=\"650\" height=\"300\" src=\"https:\/\/omefgroup.com\/wp-content\/uploads\/2025\/06\/home-lavorazione-legna-omef.webp\" class=\"attachment-large size-large wp-image-6210\" alt=\"\" srcset=\"https:\/\/omefgroup.com\/wp-content\/uploads\/2025\/06\/home-lavorazione-legna-omef.webp 650w, https:\/\/omefgroup.com\/wp-content\/uploads\/2025\/06\/home-lavorazione-legna-omef-300x138.webp 300w\" sizes=\"(max-width: 650px) 100vw, 650px\" \/>\t\t\t\t\t\t\t\t<\/a>\n\t\t\t\t\t\t\t\t\t\t\t\t\t\t\t<\/div>\n\t\t\t\t<\/div>\n\t\t\t\t<div class=\"elementor-element elementor-element-61fc134 elementor-hidden-mobile elementor-widget elementor-widget-text-editor\" data-id=\"61fc134\" data-element_type=\"widget\" data-e-type=\"widget\" data-widget_type=\"text-editor.default\">\n\t\t\t\t<div class=\"elementor-widget-container\">\n\t\t\t\t\t\t\t\t\t<p>Machines de <strong>fendage de b\u00fbches pour la production de bois et le d\u00e9chiquetage<\/strong> du bois et \u00e9quipements pour l\u2019enl\u00e8vement de souches et le fraisage des souches de bois.<\/p>\t\t\t\t\t\t\t\t<\/div>\n\t\t\t\t<\/div>\n\t\t\t\t<\/div>\n\t\t<div class=\"elementor-element elementor-element-0df7c4e e-con-full e-flex e-con e-child\" data-id=\"0df7c4e\" data-element_type=\"container\" data-e-type=\"container\" data-settings=\"{&quot;background_background&quot;:&quot;classic&quot;}\">\n\t\t\t\t<div class=\"elementor-element elementor-element-4bec952 elementor-widget elementor-widget-heading\" data-id=\"4bec952\" data-element_type=\"widget\" data-e-type=\"widget\" data-widget_type=\"heading.default\">\n\t\t\t\t<div class=\"elementor-widget-container\">\n\t\t\t\t\t<h2 class=\"elementor-heading-title elementor-size-default\"><a href=\"https:\/\/omefgroup.com\/pinze-per-legna\/\">GRAPPINS \u00c0 BOIS<\/a><\/h2>\t\t\t\t<\/div>\n\t\t\t\t<\/div>\n\t\t\t\t<div class=\"elementor-element elementor-element-d5dc9d7 elementor-widget elementor-widget-image\" data-id=\"d5dc9d7\" data-element_type=\"widget\" data-e-type=\"widget\" data-widget_type=\"image.default\">\n\t\t\t\t<div class=\"elementor-widget-container\">\n\t\t\t\t\t\t\t\t\t\t\t\t\t\t\t\t<a href=\"https:\/\/omefgroup.com\/pinze-per-legna\/\">\n\t\t\t\t\t\t\t<img decoding=\"async\" width=\"650\" height=\"300\" src=\"https:\/\/omefgroup.com\/wp-content\/uploads\/2025\/06\/home-pinze-legna-omef.webp\" class=\"attachment-large size-large wp-image-6222\" alt=\"\" srcset=\"https:\/\/omefgroup.com\/wp-content\/uploads\/2025\/06\/home-pinze-legna-omef.webp 650w, https:\/\/omefgroup.com\/wp-content\/uploads\/2025\/06\/home-pinze-legna-omef-300x138.webp 300w\" sizes=\"(max-width: 650px) 100vw, 650px\" \/>\t\t\t\t\t\t\t\t<\/a>\n\t\t\t\t\t\t\t\t\t\t\t\t\t\t\t<\/div>\n\t\t\t\t<\/div>\n\t\t\t\t<div class=\"elementor-element elementor-element-9b811e0 elementor-hidden-mobile elementor-widget elementor-widget-text-editor\" data-id=\"9b811e0\" data-element_type=\"widget\" data-e-type=\"widget\" data-widget_type=\"text-editor.default\">\n\t\t\t\t<div class=\"elementor-widget-container\">\n\t\t\t\t\t\t\t\t\t<p>Diff\u00e9rents mod\u00e8les de <strong>grappins \u00e0 bois<\/strong> forestiers : avec griffes ferm\u00e9es, griffes ouvertes ou \u00e9quip\u00e9es d&rsquo;un <strong>kit de tron\u00e7onneuse<\/strong> pour le sectionnement des troncs.<\/p>\t\t\t\t\t\t\t\t<\/div>\n\t\t\t\t<\/div>\n\t\t\t\t<\/div>\n\t\t<div class=\"elementor-element elementor-element-d0c6f60 e-con-full e-flex e-con e-child\" data-id=\"d0c6f60\" data-element_type=\"container\" data-e-type=\"container\" data-settings=\"{&quot;background_background&quot;:&quot;classic&quot;}\">\n\t\t\t\t<div class=\"elementor-element elementor-element-c541daf elementor-widget elementor-widget-heading\" data-id=\"c541daf\" data-element_type=\"widget\" data-e-type=\"widget\" data-widget_type=\"heading.default\">\n\t\t\t\t<div class=\"elementor-widget-container\">\n\t\t\t\t\t<h2 class=\"elementor-heading-title elementor-size-default\"><a href=\"https:\/\/omefgroup.com\/trince-idrauliche\/\">BROYEURS HYDRAULIQUES<\/a><\/h2>\t\t\t\t<\/div>\n\t\t\t\t<\/div>\n\t\t\t\t<div class=\"elementor-element elementor-element-6dc6f84 elementor-widget elementor-widget-image\" data-id=\"6dc6f84\" data-element_type=\"widget\" data-e-type=\"widget\" data-widget_type=\"image.default\">\n\t\t\t\t<div class=\"elementor-widget-container\">\n\t\t\t\t\t\t\t\t\t\t\t\t\t\t\t\t<a href=\"https:\/\/omefgroup.com\/trince-idrauliche\/\">\n\t\t\t\t\t\t\t<img loading=\"lazy\" decoding=\"async\" width=\"650\" height=\"300\" src=\"https:\/\/omefgroup.com\/wp-content\/uploads\/2025\/06\/home-trince-idrauliche-omef-.webp\" class=\"attachment-large size-large wp-image-6240\" alt=\"attrezzature forestali OMEF gamma trince idrauliche\" srcset=\"https:\/\/omefgroup.com\/wp-content\/uploads\/2025\/06\/home-trince-idrauliche-omef-.webp 650w, https:\/\/omefgroup.com\/wp-content\/uploads\/2025\/06\/home-trince-idrauliche-omef--300x138.webp 300w\" sizes=\"(max-width: 650px) 100vw, 650px\" \/>\t\t\t\t\t\t\t\t<\/a>\n\t\t\t\t\t\t\t\t\t\t\t\t\t\t\t<\/div>\n\t\t\t\t<\/div>\n\t\t\t\t<div class=\"elementor-element elementor-element-76c001b elementor-hidden-mobile elementor-widget elementor-widget-text-editor\" data-id=\"76c001b\" data-element_type=\"widget\" data-e-type=\"widget\" data-widget_type=\"text-editor.default\">\n\t\t\t\t<div class=\"elementor-widget-container\">\n\t\t\t\t\t\t\t\t\t<p>\u00c9quipements professionnels pour le <strong>broyage de l&rsquo;herbe, des arbustes et des plantes<\/strong>, \u00e0 marteaux, couteaux ou dents fixes, et tondeuses hydrauliques pour le fauchage.<\/p>\t\t\t\t\t\t\t\t<\/div>\n\t\t\t\t<\/div>\n\t\t\t\t<\/div>\n\t\t<div class=\"elementor-element elementor-element-65545ba e-con-full e-flex e-con e-child\" data-id=\"65545ba\" data-element_type=\"container\" data-e-type=\"container\" data-settings=\"{&quot;background_background&quot;:&quot;classic&quot;}\">\n\t\t\t\t<div class=\"elementor-element elementor-element-06a2e08 elementor-widget elementor-widget-heading\" data-id=\"06a2e08\" data-element_type=\"widget\" data-e-type=\"widget\" data-widget_type=\"heading.default\">\n\t\t\t\t<div class=\"elementor-widget-container\">\n\t\t\t\t\t<h2 class=\"elementor-heading-title elementor-size-default\"><a href=\"https:\/\/omefgroup.com\/potatura-meccanica\/\">\u00c9LAGAGE M\u00c9CANIQUE<\/a><\/h2>\t\t\t\t<\/div>\n\t\t\t\t<\/div>\n\t\t\t\t<div class=\"elementor-element elementor-element-24ce866 elementor-widget elementor-widget-image\" data-id=\"24ce866\" data-element_type=\"widget\" data-e-type=\"widget\" data-widget_type=\"image.default\">\n\t\t\t\t<div class=\"elementor-widget-container\">\n\t\t\t\t\t\t\t\t\t\t\t\t\t\t\t\t<a href=\"https:\/\/omefgroup.com\/potatura-meccanica\/\">\n\t\t\t\t\t\t\t<img loading=\"lazy\" decoding=\"async\" width=\"650\" height=\"300\" src=\"https:\/\/omefgroup.com\/wp-content\/uploads\/2025\/06\/home-potatura-meccanica-omef.webp\" class=\"attachment-large size-large wp-image-6228\" alt=\"\" srcset=\"https:\/\/omefgroup.com\/wp-content\/uploads\/2025\/06\/home-potatura-meccanica-omef.webp 650w, https:\/\/omefgroup.com\/wp-content\/uploads\/2025\/06\/home-potatura-meccanica-omef-300x138.webp 300w\" sizes=\"(max-width: 650px) 100vw, 650px\" \/>\t\t\t\t\t\t\t\t<\/a>\n\t\t\t\t\t\t\t\t\t\t\t\t\t\t\t<\/div>\n\t\t\t\t<\/div>\n\t\t\t\t<div class=\"elementor-element elementor-element-391fd63 elementor-hidden-mobile elementor-widget elementor-widget-text-editor\" data-id=\"391fd63\" data-element_type=\"widget\" data-e-type=\"widget\" data-widget_type=\"text-editor.default\">\n\t\t\t\t<div class=\"elementor-widget-container\">\n\t\t\t\t\t\t\t\t\t<p>Machines pour <strong>l\u2019\u00e9lagage des haies, des arbustes et des plantes<\/strong>, tant en milieu urbain qu&rsquo;en milieu agricole ou forestier.<\/p>\t\t\t\t\t\t\t\t<\/div>\n\t\t\t\t<\/div>\n\t\t\t\t<\/div>\n\t\t<div class=\"elementor-element elementor-element-d43f35d e-con-full e-flex e-con e-child\" data-id=\"d43f35d\" data-element_type=\"container\" data-e-type=\"container\" data-settings=\"{&quot;background_background&quot;:&quot;classic&quot;}\">\n\t\t\t\t<div class=\"elementor-element elementor-element-91a6d4d elementor-widget elementor-widget-heading\" data-id=\"91a6d4d\" data-element_type=\"widget\" data-e-type=\"widget\" data-widget_type=\"heading.default\">\n\t\t\t\t<div class=\"elementor-widget-container\">\n\t\t\t\t\t<h2 class=\"elementor-heading-title elementor-size-default\"><a href=\"https:\/\/omefgroup.com\/lavorazione-terreno\/\">PR\u00c9PARATION DU SOL<\/a><\/h2>\t\t\t\t<\/div>\n\t\t\t\t<\/div>\n\t\t\t\t<div class=\"elementor-element elementor-element-29b99f8 elementor-widget elementor-widget-image\" data-id=\"29b99f8\" data-element_type=\"widget\" data-e-type=\"widget\" data-widget_type=\"image.default\">\n\t\t\t\t<div class=\"elementor-widget-container\">\n\t\t\t\t\t\t\t\t\t\t\t\t\t\t\t\t<a href=\"https:\/\/omefgroup.com\/lavorazione-terreno\/\">\n\t\t\t\t\t\t\t<img loading=\"lazy\" decoding=\"async\" width=\"650\" height=\"300\" src=\"https:\/\/omefgroup.com\/wp-content\/uploads\/2025\/06\/home-lavorazione-terreno-omef.webp\" class=\"attachment-large size-large wp-image-6216\" alt=\"\" srcset=\"https:\/\/omefgroup.com\/wp-content\/uploads\/2025\/06\/home-lavorazione-terreno-omef.webp 650w, https:\/\/omefgroup.com\/wp-content\/uploads\/2025\/06\/home-lavorazione-terreno-omef-300x138.webp 300w\" sizes=\"(max-width: 650px) 100vw, 650px\" \/>\t\t\t\t\t\t\t\t<\/a>\n\t\t\t\t\t\t\t\t\t\t\t\t\t\t\t<\/div>\n\t\t\t\t<\/div>\n\t\t\t\t<div class=\"elementor-element elementor-element-5ba399c elementor-hidden-mobile elementor-widget elementor-widget-text-editor\" data-id=\"5ba399c\" data-element_type=\"widget\" data-e-type=\"widget\" data-widget_type=\"text-editor.default\">\n\t\t\t\t<div class=\"elementor-widget-container\">\n\t\t\t\t\t\t\t\t\t<p>Diff\u00e9rents types d&rsquo;outils pour effectuer des travaux dans le sol, tels que des <strong>tari\u00e8res, des compacteurs, des enfonce-pieux et des fraises \u00e0 neige.<\/strong><\/p>\t\t\t\t\t\t\t\t<\/div>\n\t\t\t\t<\/div>\n\t\t\t\t<\/div>\n\t\t\t\t<\/div>\n\t\t\t\t\t<\/div>\n\t\t\t\t<\/div>\n\t\t\t\t<\/div>\n\t\t","protected":false},"excerpt":{"rendered":"<p>EQUIPMENTS FORESTIERS COUPE D&rsquo;ARBRES \u00c9quipements sp\u00e9cialis\u00e9 pour la coupe, l&rsquo;abattage, le sectionnement et l&rsquo;\u00e9branchage d&rsquo;arbres de tous types et de tous diam\u00e8tres. TRANSFORMATION DU BOIS Machines de fendage de b\u00fbches pour la production de bois et le d\u00e9chiquetage du bois et \u00e9quipements pour l\u2019enl\u00e8vement de souches et le fraisage des souches de bois. GRAPPINS \u00c0 [&hellip;]<\/p>\n","protected":false},"author":1,"featured_media":0,"parent":0,"menu_order":0,"comment_status":"closed","ping_status":"closed","template":"","meta":{"footnotes":""},"class_list":["post-10928","page","type-page","status-publish","hentry"],"yoast_head":"<!-- This site is optimized with the Yoast SEO plugin v27.1.1 - https:\/\/yoast.com\/product\/yoast-seo-wordpress\/ -->\n<title>\u00c9quipements forestiers : s\u00e9cateurs, coupe d&#039;arbres, pinces Made in Italy | OMEF<\/title>\n<meta name=\"description\" content=\"D\u00e9couvrez les coupe d&#039;arbres, broyeurs, pinces et tous les \u00e9quipements forestiers OMEF: qualit\u00e9 Made in Italy, hautes performances, fiabilit\u00e9.\" \/>\n<meta name=\"robots\" content=\"index, follow, max-snippet:-1, max-image-preview:large, max-video-preview:-1\" \/>\n<link rel=\"canonical\" href=\"https:\/\/omefgroup.com\/fr\/equipements-omef\/\" \/>\n<meta property=\"og:locale\" content=\"fr_FR\" \/>\n<meta property=\"og:type\" content=\"article\" \/>\n<meta property=\"og:title\" content=\"\u00c9quipements forestiers : s\u00e9cateurs, coupe d&#039;arbres, pinces Made in Italy | OMEF\" \/>\n<meta property=\"og:description\" content=\"D\u00e9couvrez les coupe d&#039;arbres, broyeurs, pinces et tous les \u00e9quipements forestiers OMEF: qualit\u00e9 Made in Italy, hautes performances, fiabilit\u00e9.\" \/>\n<meta property=\"og:url\" content=\"https:\/\/omefgroup.com\/fr\/equipements-omef\/\" \/>\n<meta property=\"og:site_name\" content=\"OMEF GROUP\" \/>\n<meta property=\"article:publisher\" content=\"https:\/\/www.facebook.com\/OmefForestryEquipment\/\" \/>\n<meta property=\"article:modified_time\" content=\"2025-10-16T16:52:51+00:00\" \/>\n<meta property=\"og:image\" content=\"https:\/\/omefgroup.com\/wp-content\/uploads\/2025\/10\/attrezzature-taglio-alberi-omef-home.webp\" \/>\n\t<meta property=\"og:image:width\" content=\"649\" \/>\n\t<meta property=\"og:image:height\" content=\"300\" \/>\n\t<meta property=\"og:image:type\" content=\"image\/webp\" \/>\n<meta name=\"twitter:card\" content=\"summary_large_image\" \/>\n<meta name=\"twitter:label1\" content=\"Dur\u00e9e de lecture estim\u00e9e\" \/>\n\t<meta name=\"twitter:data1\" content=\"2 minutes\" \/>\n<script type=\"application\/ld+json\" class=\"yoast-schema-graph\">{\"@context\":\"https:\/\/schema.org\",\"@graph\":[{\"@type\":\"WebPage\",\"@id\":\"https:\/\/omefgroup.com\/fr\/equipements-omef\/\",\"url\":\"https:\/\/omefgroup.com\/fr\/equipements-omef\/\",\"name\":\"\u00c9quipements forestiers : s\u00e9cateurs, coupe d'arbres, pinces Made in Italy | OMEF\",\"isPartOf\":{\"@id\":\"https:\/\/omefgroup.com\/fr\/#website\"},\"primaryImageOfPage\":{\"@id\":\"https:\/\/omefgroup.com\/fr\/equipements-omef\/#primaryimage\"},\"image\":{\"@id\":\"https:\/\/omefgroup.com\/fr\/equipements-omef\/#primaryimage\"},\"thumbnailUrl\":\"https:\/\/omefgroup.com\/wp-content\/uploads\/2025\/10\/attrezzature-taglio-alberi-omef-home.webp\",\"datePublished\":\"2025-05-06T19:32:00+00:00\",\"dateModified\":\"2025-10-16T16:52:51+00:00\",\"description\":\"D\u00e9couvrez les coupe d'arbres, broyeurs, pinces et tous les \u00e9quipements forestiers OMEF: qualit\u00e9 Made in Italy, hautes performances, fiabilit\u00e9.\",\"breadcrumb\":{\"@id\":\"https:\/\/omefgroup.com\/fr\/equipements-omef\/#breadcrumb\"},\"inLanguage\":\"fr-FR\",\"potentialAction\":[{\"@type\":\"ReadAction\",\"target\":[\"https:\/\/omefgroup.com\/fr\/equipements-omef\/\"]}]},{\"@type\":\"ImageObject\",\"inLanguage\":\"fr-FR\",\"@id\":\"https:\/\/omefgroup.com\/fr\/equipements-omef\/#primaryimage\",\"url\":\"https:\/\/omefgroup.com\/wp-content\/uploads\/2025\/10\/attrezzature-taglio-alberi-omef-home.webp\",\"contentUrl\":\"https:\/\/omefgroup.com\/wp-content\/uploads\/2025\/10\/attrezzature-taglio-alberi-omef-home.webp\"},{\"@type\":\"BreadcrumbList\",\"@id\":\"https:\/\/omefgroup.com\/fr\/equipements-omef\/#breadcrumb\",\"itemListElement\":[{\"@type\":\"ListItem\",\"position\":1,\"name\":\"Home\",\"item\":\"https:\/\/omefgroup.com\/fr\/\"},{\"@type\":\"ListItem\",\"position\":2,\"name\":\"\u00c9quipements\"}]},{\"@type\":\"WebSite\",\"@id\":\"https:\/\/omefgroup.com\/fr\/#website\",\"url\":\"https:\/\/omefgroup.com\/fr\/\",\"name\":\"OMEF GROUP\",\"description\":\"\",\"publisher\":{\"@id\":\"https:\/\/omefgroup.com\/fr\/#organization\"},\"alternateName\":\"OMEF\",\"potentialAction\":[{\"@type\":\"SearchAction\",\"target\":{\"@type\":\"EntryPoint\",\"urlTemplate\":\"https:\/\/omefgroup.com\/fr\/?s={search_term_string}\"},\"query-input\":{\"@type\":\"PropertyValueSpecification\",\"valueRequired\":true,\"valueName\":\"search_term_string\"}}],\"inLanguage\":\"fr-FR\"},{\"@type\":\"Organization\",\"@id\":\"https:\/\/omefgroup.com\/fr\/#organization\",\"name\":\"OMEF GROUP\",\"url\":\"https:\/\/omefgroup.com\/fr\/\",\"logo\":{\"@type\":\"ImageObject\",\"inLanguage\":\"fr-FR\",\"@id\":\"https:\/\/omefgroup.com\/fr\/#\/schema\/logo\/image\/\",\"url\":\"https:\/\/omefgroup.com\/wp-content\/uploads\/2025\/07\/logo-OMEF-GRIGIO-2025_NERO.png\",\"contentUrl\":\"https:\/\/omefgroup.com\/wp-content\/uploads\/2025\/07\/logo-OMEF-GRIGIO-2025_NERO.png\",\"width\":871,\"height\":375,\"caption\":\"OMEF GROUP\"},\"image\":{\"@id\":\"https:\/\/omefgroup.com\/fr\/#\/schema\/logo\/image\/\"},\"sameAs\":[\"https:\/\/www.facebook.com\/OmefForestryEquipment\/\",\"https:\/\/www.instagram.com\/omefgroup\/\",\"https:\/\/www.youtube.com\/@omefgroup\",\"https:\/\/www.tiktok.com\/@omef.group.official\",\"https:\/\/it.linkedin.com\/company\/omef\"]}]}<\/script>\n<!-- \/ Yoast SEO plugin. -->","yoast_head_json":{"title":"\u00c9quipements forestiers : s\u00e9cateurs, coupe d'arbres, pinces Made in Italy | OMEF","description":"D\u00e9couvrez les coupe d'arbres, broyeurs, pinces et tous les \u00e9quipements forestiers OMEF: qualit\u00e9 Made in Italy, hautes performances, fiabilit\u00e9.","robots":{"index":"index","follow":"follow","max-snippet":"max-snippet:-1","max-image-preview":"max-image-preview:large","max-video-preview":"max-video-preview:-1"},"canonical":"https:\/\/omefgroup.com\/fr\/equipements-omef\/","og_locale":"fr_FR","og_type":"article","og_title":"\u00c9quipements forestiers : s\u00e9cateurs, coupe d'arbres, pinces Made in Italy | OMEF","og_description":"D\u00e9couvrez les coupe d'arbres, broyeurs, pinces et tous les \u00e9quipements forestiers OMEF: qualit\u00e9 Made in Italy, hautes performances, fiabilit\u00e9.","og_url":"https:\/\/omefgroup.com\/fr\/equipements-omef\/","og_site_name":"OMEF GROUP","article_publisher":"https:\/\/www.facebook.com\/OmefForestryEquipment\/","article_modified_time":"2025-10-16T16:52:51+00:00","og_image":[{"width":649,"height":300,"url":"https:\/\/omefgroup.com\/wp-content\/uploads\/2025\/10\/attrezzature-taglio-alberi-omef-home.webp","type":"image\/webp"}],"twitter_card":"summary_large_image","twitter_misc":{"Dur\u00e9e de lecture estim\u00e9e":"2 minutes"},"schema":{"@context":"https:\/\/schema.org","@graph":[{"@type":"WebPage","@id":"https:\/\/omefgroup.com\/fr\/equipements-omef\/","url":"https:\/\/omefgroup.com\/fr\/equipements-omef\/","name":"\u00c9quipements forestiers : s\u00e9cateurs, coupe d'arbres, pinces Made in Italy | OMEF","isPartOf":{"@id":"https:\/\/omefgroup.com\/fr\/#website"},"primaryImageOfPage":{"@id":"https:\/\/omefgroup.com\/fr\/equipements-omef\/#primaryimage"},"image":{"@id":"https:\/\/omefgroup.com\/fr\/equipements-omef\/#primaryimage"},"thumbnailUrl":"https:\/\/omefgroup.com\/wp-content\/uploads\/2025\/10\/attrezzature-taglio-alberi-omef-home.webp","datePublished":"2025-05-06T19:32:00+00:00","dateModified":"2025-10-16T16:52:51+00:00","description":"D\u00e9couvrez les coupe d'arbres, broyeurs, pinces et tous les \u00e9quipements forestiers OMEF: qualit\u00e9 Made in Italy, hautes performances, fiabilit\u00e9.","breadcrumb":{"@id":"https:\/\/omefgroup.com\/fr\/equipements-omef\/#breadcrumb"},"inLanguage":"fr-FR","potentialAction":[{"@type":"ReadAction","target":["https:\/\/omefgroup.com\/fr\/equipements-omef\/"]}]},{"@type":"ImageObject","inLanguage":"fr-FR","@id":"https:\/\/omefgroup.com\/fr\/equipements-omef\/#primaryimage","url":"https:\/\/omefgroup.com\/wp-content\/uploads\/2025\/10\/attrezzature-taglio-alberi-omef-home.webp","contentUrl":"https:\/\/omefgroup.com\/wp-content\/uploads\/2025\/10\/attrezzature-taglio-alberi-omef-home.webp"},{"@type":"BreadcrumbList","@id":"https:\/\/omefgroup.com\/fr\/equipements-omef\/#breadcrumb","itemListElement":[{"@type":"ListItem","position":1,"name":"Home","item":"https:\/\/omefgroup.com\/fr\/"},{"@type":"ListItem","position":2,"name":"\u00c9quipements"}]},{"@type":"WebSite","@id":"https:\/\/omefgroup.com\/fr\/#website","url":"https:\/\/omefgroup.com\/fr\/","name":"OMEF GROUP","description":"","publisher":{"@id":"https:\/\/omefgroup.com\/fr\/#organization"},"alternateName":"OMEF","potentialAction":[{"@type":"SearchAction","target":{"@type":"EntryPoint","urlTemplate":"https:\/\/omefgroup.com\/fr\/?s={search_term_string}"},"query-input":{"@type":"PropertyValueSpecification","valueRequired":true,"valueName":"search_term_string"}}],"inLanguage":"fr-FR"},{"@type":"Organization","@id":"https:\/\/omefgroup.com\/fr\/#organization","name":"OMEF GROUP","url":"https:\/\/omefgroup.com\/fr\/","logo":{"@type":"ImageObject","inLanguage":"fr-FR","@id":"https:\/\/omefgroup.com\/fr\/#\/schema\/logo\/image\/","url":"https:\/\/omefgroup.com\/wp-content\/uploads\/2025\/07\/logo-OMEF-GRIGIO-2025_NERO.png","contentUrl":"https:\/\/omefgroup.com\/wp-content\/uploads\/2025\/07\/logo-OMEF-GRIGIO-2025_NERO.png","width":871,"height":375,"caption":"OMEF GROUP"},"image":{"@id":"https:\/\/omefgroup.com\/fr\/#\/schema\/logo\/image\/"},"sameAs":["https:\/\/www.facebook.com\/OmefForestryEquipment\/","https:\/\/www.instagram.com\/omefgroup\/","https:\/\/www.youtube.com\/@omefgroup","https:\/\/www.tiktok.com\/@omef.group.official","https:\/\/it.linkedin.com\/company\/omef"]}]}},"_links":{"self":[{"href":"https:\/\/omefgroup.com\/fr\/wp-json\/wp\/v2\/pages\/10928","targetHints":{"allow":["GET"]}}],"collection":[{"href":"https:\/\/omefgroup.com\/fr\/wp-json\/wp\/v2\/pages"}],"about":[{"href":"https:\/\/omefgroup.com\/fr\/wp-json\/wp\/v2\/types\/page"}],"author":[{"embeddable":true,"href":"https:\/\/omefgroup.com\/fr\/wp-json\/wp\/v2\/users\/1"}],"replies":[{"embeddable":true,"href":"https:\/\/omefgroup.com\/fr\/wp-json\/wp\/v2\/comments?post=10928"}],"version-history":[{"count":8,"href":"https:\/\/omefgroup.com\/fr\/wp-json\/wp\/v2\/pages\/10928\/revisions"}],"predecessor-version":[{"id":13996,"href":"https:\/\/omefgroup.com\/fr\/wp-json\/wp\/v2\/pages\/10928\/revisions\/13996"}],"wp:attachment":[{"href":"https:\/\/omefgroup.com\/fr\/wp-json\/wp\/v2\/media?parent=10928"}],"curies":[{"name":"wp","href":"https:\/\/api.w.org\/{rel}","templated":true}]}}