{"id":11396,"date":"2025-07-02T07:40:37","date_gmt":"2025-07-02T07:40:37","guid":{"rendered":"https:\/\/omef.quode.it\/merci-prodotti\/"},"modified":"2025-07-14T11:14:35","modified_gmt":"2025-07-14T11:14:35","slug":"merci-prodotti","status":"publish","type":"page","link":"https:\/\/omefgroup.com\/fr\/merci-prodotti\/","title":{"rendered":"Merci"},"content":{"rendered":"\t\t<div data-elementor-type=\"wp-page\" data-elementor-id=\"11396\" class=\"elementor elementor-11396 elementor-10236\" data-elementor-post-type=\"page\">\n\t\t\t\t<div class=\"elementor-element elementor-element-36ce629 e-flex e-con-boxed e-con e-parent\" data-id=\"36ce629\" data-element_type=\"container\" data-e-type=\"container\" data-settings=\"{&quot;background_background&quot;:&quot;classic&quot;}\">\n\t\t\t\t\t<div class=\"e-con-inner\">\n\t\t\t\t<div class=\"elementor-element elementor-element-4e2e99f elementor-widget elementor-widget-heading\" data-id=\"4e2e99f\" data-element_type=\"widget\" data-e-type=\"widget\" data-widget_type=\"heading.default\">\n\t\t\t\t<div class=\"elementor-widget-container\">\n\t\t\t\t\t<h1 class=\"elementor-heading-title elementor-size-default\">MERCI<\/h1>\t\t\t\t<\/div>\n\t\t\t\t<\/div>\n\t\t\t\t<div class=\"elementor-element elementor-element-1042e29 elementor-widget elementor-widget-text-editor\" data-id=\"1042e29\" data-element_type=\"widget\" data-e-type=\"widget\" data-widget_type=\"text-editor.default\">\n\t\t\t\t<div class=\"elementor-widget-container\">\n\t\t\t\t\t\t\t\t\t<p><strong data-start=\"1174\" data-end=\"1204\">Merci de nous avoir \u00e9crit!<\/strong><br data-start=\"1204\" data-end=\"1207\">Un de nos experts vous contactera dans les plus brefs d\u00e9lais pour vous donner toutes les informations dont vous avez besoin.<br data-start=\"1309\" data-end=\"1312\">Vous souhaitez une r\u00e9ponse imm\u00e9diate ? \u00c9crivez-nous sur <strong data-start=\"1355\" data-end=\"1367\">WhatsApp<\/strong> ou appelez-nous directement aux coordonn\u00e9es ci-dessous. <\/p>\t\t\t\t\t\t\t\t<\/div>\n\t\t\t\t<\/div>\n\t\t<div class=\"elementor-element elementor-element-37e8883 e-grid e-con-full e-con e-child\" data-id=\"37e8883\" data-element_type=\"container\" data-e-type=\"container\">\n\t\t<div class=\"elementor-element elementor-element-a627dbe e-con-full e-flex e-con e-child\" data-id=\"a627dbe\" data-element_type=\"container\" data-e-type=\"container\" data-settings=\"{&quot;background_background&quot;:&quot;classic&quot;}\">\n\t\t\t\t<div class=\"elementor-element elementor-element-6a19f5f elementor-view-default elementor-widget elementor-widget-icon\" data-id=\"6a19f5f\" data-element_type=\"widget\" data-e-type=\"widget\" data-widget_type=\"icon.default\">\n\t\t\t\t<div class=\"elementor-widget-container\">\n\t\t\t\t\t\t\t<div class=\"elementor-icon-wrapper\">\n\t\t\t<a class=\"elementor-icon\" href=\"https:\/\/wa.me\/+393498556830\">\n\t\t\t<svg aria-hidden=\"true\" class=\"e-font-icon-svg e-fab-whatsapp\" viewBox=\"0 0 448 512\" xmlns=\"http:\/\/www.w3.org\/2000\/svg\"><path d=\"M380.9 97.1C339 55.1 283.2 32 223.9 32c-122.4 0-222 99.6-222 222 0 39.1 10.2 77.3 29.6 111L0 480l117.7-30.9c32.4 17.7 68.9 27 106.1 27h.1c122.3 0 224.1-99.6 224.1-222 0-59.3-25.2-115-67.1-157zm-157 341.6c-33.2 0-65.7-8.9-94-25.7l-6.7-4-69.8 18.3L72 359.2l-4.4-7c-18.5-29.4-28.2-63.3-28.2-98.2 0-101.7 82.8-184.5 184.6-184.5 49.3 0 95.6 19.2 130.4 54.1 34.8 34.9 56.2 81.2 56.1 130.5 0 101.8-84.9 184.6-186.6 184.6zm101.2-138.2c-5.5-2.8-32.8-16.2-37.9-18-5.1-1.9-8.8-2.8-12.5 2.8-3.7 5.6-14.3 18-17.6 21.8-3.2 3.7-6.5 4.2-12 1.4-32.6-16.3-54-29.1-75.5-66-5.7-9.8 5.7-9.1 16.3-30.3 1.8-3.7.9-6.9-.5-9.7-1.4-2.8-12.5-30.1-17.1-41.2-4.5-10.8-9.1-9.3-12.5-9.5-3.2-.2-6.9-.2-10.6-.2-3.7 0-9.7 1.4-14.8 6.9-5.1 5.6-19.4 19-19.4 46.3 0 27.3 19.9 53.7 22.6 57.4 2.8 3.7 39.1 59.7 94.8 83.8 35.2 15.2 49 16.5 66.6 13.9 10.7-1.6 32.8-13.4 37.4-26.4 4.6-13 4.6-24.1 3.2-26.4-1.3-2.5-5-3.9-10.5-6.6z\"><\/path><\/svg>\t\t\t<\/a>\n\t\t<\/div>\n\t\t\t\t\t\t<\/div>\n\t\t\t\t<\/div>\n\t\t\t\t<div class=\"elementor-element elementor-element-cbd4b00 elementor-widget elementor-widget-heading\" data-id=\"cbd4b00\" data-element_type=\"widget\" data-e-type=\"widget\" data-widget_type=\"heading.default\">\n\t\t\t\t<div class=\"elementor-widget-container\">\n\t\t\t\t\t<h4 class=\"elementor-heading-title elementor-size-default\"><a href=\"https:\/\/wa.me\/+393498556830\">+39 349 855 6830<\/a><\/h4>\t\t\t\t<\/div>\n\t\t\t\t<\/div>\n\t\t\t\t<\/div>\n\t\t<div class=\"elementor-element elementor-element-cededed e-con-full e-flex e-con e-child\" data-id=\"cededed\" data-element_type=\"container\" data-e-type=\"container\" data-settings=\"{&quot;background_background&quot;:&quot;classic&quot;}\">\n\t\t\t\t<div class=\"elementor-element elementor-element-c1689d8 elementor-view-default elementor-widget elementor-widget-icon\" data-id=\"c1689d8\" data-element_type=\"widget\" data-e-type=\"widget\" data-widget_type=\"icon.default\">\n\t\t\t\t<div class=\"elementor-widget-container\">\n\t\t\t\t\t\t\t<div class=\"elementor-icon-wrapper\">\n\t\t\t<a class=\"elementor-icon\" href=\"tel:+3901431979459\">\n\t\t\t<svg aria-hidden=\"true\" class=\"e-font-icon-svg e-fas-phone-alt\" viewBox=\"0 0 512 512\" xmlns=\"http:\/\/www.w3.org\/2000\/svg\"><path d=\"M497.39 361.8l-112-48a24 24 0 0 0-28 6.9l-49.6 60.6A370.66 370.66 0 0 1 130.6 204.11l60.6-49.6a23.94 23.94 0 0 0 6.9-28l-48-112A24.16 24.16 0 0 0 122.6.61l-104 24A24 24 0 0 0 0 48c0 256.5 207.9 464 464 464a24 24 0 0 0 23.4-18.6l24-104a24.29 24.29 0 0 0-14.01-27.6z\"><\/path><\/svg>\t\t\t<\/a>\n\t\t<\/div>\n\t\t\t\t\t\t<\/div>\n\t\t\t\t<\/div>\n\t\t\t\t<div class=\"elementor-element elementor-element-347d827 elementor-widget elementor-widget-heading\" data-id=\"347d827\" data-element_type=\"widget\" data-e-type=\"widget\" data-widget_type=\"heading.default\">\n\t\t\t\t<div class=\"elementor-widget-container\">\n\t\t\t\t\t<h4 class=\"elementor-heading-title elementor-size-default\"><a href=\"tel:+393498556830\">+39 349 855 6830<\/a><\/h4>\t\t\t\t<\/div>\n\t\t\t\t<\/div>\n\t\t\t\t<\/div>\n\t\t\t\t<\/div>\n\t\t\t\t\t<\/div>\n\t\t\t\t<\/div>\n\t\t<div class=\"elementor-element elementor-element-d5b4db1 e-flex e-con-boxed e-con e-parent\" data-id=\"d5b4db1\" data-element_type=\"container\" data-e-type=\"container\" data-settings=\"{&quot;background_background&quot;:&quot;classic&quot;}\">\n\t\t\t\t\t<div class=\"e-con-inner\">\n\t\t\t\t<div class=\"elementor-element elementor-element-d4db598 elementor-widget elementor-widget-heading\" data-id=\"d4db598\" data-element_type=\"widget\" data-e-type=\"widget\" data-widget_type=\"heading.default\">\n\t\t\t\t<div class=\"elementor-widget-container\">\n\t\t\t\t\t<h3 class=\"elementor-heading-title elementor-size-default\">D\u00c9COUVRIR NOTRE SOCI\u00c9T\u00c9<\/h3>\t\t\t\t<\/div>\n\t\t\t\t<\/div>\n\t\t\t\t<div class=\"elementor-element elementor-element-c0f66b6 elementor-widget elementor-widget-text-editor\" data-id=\"c0f66b6\" data-element_type=\"widget\" data-e-type=\"widget\" data-widget_type=\"text-editor.default\">\n\t\t\t\t<div class=\"elementor-widget-container\">\n\t\t\t\t\t\t\t\t\t<p>Nous sommes une entreprise italienne, op\u00e9rant au niveau international, sp\u00e9cialis\u00e9e &#8211; depuis 1994 &#8211; dans la conception et la production <strong>d&rsquo;\u00e9quipements forestiers<\/strong> et de <strong>machines multifonctions pour l&rsquo;entretien des espaces verts<\/strong><\/p>\t\t\t\t\t\t\t\t<\/div>\n\t\t\t\t<\/div>\n\t\t\t\t<div class=\"elementor-element elementor-element-c76b4fe elementor-widget elementor-widget-image\" data-id=\"c76b4fe\" data-element_type=\"widget\" data-e-type=\"widget\" data-widget_type=\"image.default\">\n\t\t\t\t<div class=\"elementor-widget-container\">\n\t\t\t\t\t\t\t\t\t\t\t\t\t\t\t\t<a href=\"https:\/\/omefgroup.com\/chi-siamo\/\">\n\t\t\t\t\t\t\t<img fetchpriority=\"high\" decoding=\"async\" width=\"800\" height=\"450\" src=\"https:\/\/omefgroup.com\/wp-content\/uploads\/2025\/07\/scopri-azienda-chi-siamo-omef.webp\" class=\"attachment-large size-large wp-image-10218\" alt=\"\" srcset=\"https:\/\/omefgroup.com\/wp-content\/uploads\/2025\/07\/scopri-azienda-chi-siamo-omef.webp 800w, https:\/\/omefgroup.com\/wp-content\/uploads\/2025\/07\/scopri-azienda-chi-siamo-omef-300x169.webp 300w, https:\/\/omefgroup.com\/wp-content\/uploads\/2025\/07\/scopri-azienda-chi-siamo-omef-768x432.webp 768w\" sizes=\"(max-width: 800px) 100vw, 800px\" \/>\t\t\t\t\t\t\t\t<\/a>\n\t\t\t\t\t\t\t\t\t\t\t\t\t\t\t<\/div>\n\t\t\t\t<\/div>\n\t\t\t\t<div class=\"elementor-element elementor-element-4b2be42 elementor-align-center elementor-widget elementor-widget-button\" data-id=\"4b2be42\" data-element_type=\"widget\" data-e-type=\"widget\" data-widget_type=\"button.default\">\n\t\t\t\t<div class=\"elementor-widget-container\">\n\t\t\t\t\t\t\t\t\t<div class=\"elementor-button-wrapper\">\n\t\t\t\t\t<a class=\"elementor-button elementor-button-link elementor-size-sm\" href=\"https:\/\/omefgroup.com\/fr\/a-propos-de-nous\/\">\n\t\t\t\t\t\t<span class=\"elementor-button-content-wrapper\">\n\t\t\t\t\t\t\t\t\t<span class=\"elementor-button-text\">EN SAVOIR PLUS<\/span>\n\t\t\t\t\t<\/span>\n\t\t\t\t\t<\/a>\n\t\t\t\t<\/div>\n\t\t\t\t\t\t\t\t<\/div>\n\t\t\t\t<\/div>\n\t\t\t\t\t<\/div>\n\t\t\t\t<\/div>\n\t\t\t\t<\/div>\n\t\t","protected":false},"excerpt":{"rendered":"<p>MERCI Merci de nous avoir \u00e9crit!Un de nos experts vous contactera dans les plus brefs d\u00e9lais pour vous donner toutes les informations dont vous avez besoin.Vous souhaitez une r\u00e9ponse imm\u00e9diate ? \u00c9crivez-nous sur WhatsApp ou appelez-nous directement aux coordonn\u00e9es ci-dessous. +39 349 855 6830 +39 349 855 6830 D\u00c9COUVRIR NOTRE SOCI\u00c9T\u00c9 Nous sommes une entreprise [&hellip;]<\/p>\n","protected":false},"author":2,"featured_media":0,"parent":0,"menu_order":0,"comment_status":"closed","ping_status":"closed","template":"","meta":{"footnotes":""},"class_list":["post-11396","page","type-page","status-publish","hentry"],"yoast_head":"<!-- This site is optimized with the Yoast SEO plugin v27.1.1 - https:\/\/yoast.com\/product\/yoast-seo-wordpress\/ -->\n<title>Merci - OMEF GROUP<\/title>\n<meta name=\"robots\" content=\"index, follow, max-snippet:-1, max-image-preview:large, max-video-preview:-1\" \/>\n<link rel=\"canonical\" href=\"https:\/\/omefgroup.com\/fr\/merci-prodotti\/\" \/>\n<meta property=\"og:locale\" content=\"fr_FR\" \/>\n<meta property=\"og:type\" content=\"article\" \/>\n<meta property=\"og:title\" content=\"Merci - OMEF GROUP\" \/>\n<meta property=\"og:description\" content=\"MERCI Merci de nous avoir \u00e9crit!Un de nos experts vous contactera dans les plus brefs d\u00e9lais pour vous donner toutes les informations dont vous avez besoin.Vous souhaitez une r\u00e9ponse imm\u00e9diate ? \u00c9crivez-nous sur WhatsApp ou appelez-nous directement aux coordonn\u00e9es ci-dessous. +39 349 855 6830 +39 349 855 6830 D\u00c9COUVRIR NOTRE SOCI\u00c9T\u00c9 Nous sommes une entreprise [&hellip;]\" \/>\n<meta property=\"og:url\" content=\"https:\/\/omefgroup.com\/fr\/merci-prodotti\/\" \/>\n<meta property=\"og:site_name\" content=\"OMEF GROUP\" \/>\n<meta property=\"article:publisher\" content=\"https:\/\/www.facebook.com\/OmefForestryEquipment\/\" \/>\n<meta property=\"article:modified_time\" content=\"2025-07-14T11:14:35+00:00\" \/>\n<meta property=\"og:image\" content=\"https:\/\/omefgroup.com\/wp-content\/uploads\/2025\/07\/scopri-azienda-chi-siamo-omef.webp\" \/>\n\t<meta property=\"og:image:width\" content=\"800\" \/>\n\t<meta property=\"og:image:height\" content=\"450\" \/>\n\t<meta property=\"og:image:type\" content=\"image\/webp\" \/>\n<meta name=\"twitter:card\" content=\"summary_large_image\" \/>\n<script type=\"application\/ld+json\" class=\"yoast-schema-graph\">{\"@context\":\"https:\/\/schema.org\",\"@graph\":[{\"@type\":\"WebPage\",\"@id\":\"https:\/\/omefgroup.com\/fr\/merci-prodotti\/\",\"url\":\"https:\/\/omefgroup.com\/fr\/merci-prodotti\/\",\"name\":\"Merci - OMEF GROUP\",\"isPartOf\":{\"@id\":\"https:\/\/omefgroup.com\/fr\/#website\"},\"primaryImageOfPage\":{\"@id\":\"https:\/\/omefgroup.com\/fr\/merci-prodotti\/#primaryimage\"},\"image\":{\"@id\":\"https:\/\/omefgroup.com\/fr\/merci-prodotti\/#primaryimage\"},\"thumbnailUrl\":\"https:\/\/omefgroup.com\/wp-content\/uploads\/2025\/07\/scopri-azienda-chi-siamo-omef.webp\",\"datePublished\":\"2025-07-02T07:40:37+00:00\",\"dateModified\":\"2025-07-14T11:14:35+00:00\",\"breadcrumb\":{\"@id\":\"https:\/\/omefgroup.com\/fr\/merci-prodotti\/#breadcrumb\"},\"inLanguage\":\"fr-FR\",\"potentialAction\":[{\"@type\":\"ReadAction\",\"target\":[\"https:\/\/omefgroup.com\/fr\/merci-prodotti\/\"]}]},{\"@type\":\"ImageObject\",\"inLanguage\":\"fr-FR\",\"@id\":\"https:\/\/omefgroup.com\/fr\/merci-prodotti\/#primaryimage\",\"url\":\"https:\/\/omefgroup.com\/wp-content\/uploads\/2025\/07\/scopri-azienda-chi-siamo-omef.webp\",\"contentUrl\":\"https:\/\/omefgroup.com\/wp-content\/uploads\/2025\/07\/scopri-azienda-chi-siamo-omef.webp\"},{\"@type\":\"BreadcrumbList\",\"@id\":\"https:\/\/omefgroup.com\/fr\/merci-prodotti\/#breadcrumb\",\"itemListElement\":[{\"@type\":\"ListItem\",\"position\":1,\"name\":\"Home\",\"item\":\"https:\/\/omefgroup.com\/fr\/\"},{\"@type\":\"ListItem\",\"position\":2,\"name\":\"Merci\"}]},{\"@type\":\"WebSite\",\"@id\":\"https:\/\/omefgroup.com\/fr\/#website\",\"url\":\"https:\/\/omefgroup.com\/fr\/\",\"name\":\"OMEF GROUP\",\"description\":\"\",\"publisher\":{\"@id\":\"https:\/\/omefgroup.com\/fr\/#organization\"},\"alternateName\":\"OMEF\",\"potentialAction\":[{\"@type\":\"SearchAction\",\"target\":{\"@type\":\"EntryPoint\",\"urlTemplate\":\"https:\/\/omefgroup.com\/fr\/?s={search_term_string}\"},\"query-input\":{\"@type\":\"PropertyValueSpecification\",\"valueRequired\":true,\"valueName\":\"search_term_string\"}}],\"inLanguage\":\"fr-FR\"},{\"@type\":\"Organization\",\"@id\":\"https:\/\/omefgroup.com\/fr\/#organization\",\"name\":\"OMEF GROUP\",\"url\":\"https:\/\/omefgroup.com\/fr\/\",\"logo\":{\"@type\":\"ImageObject\",\"inLanguage\":\"fr-FR\",\"@id\":\"https:\/\/omefgroup.com\/fr\/#\/schema\/logo\/image\/\",\"url\":\"https:\/\/omefgroup.com\/wp-content\/uploads\/2025\/07\/logo-OMEF-GRIGIO-2025_NERO.png\",\"contentUrl\":\"https:\/\/omefgroup.com\/wp-content\/uploads\/2025\/07\/logo-OMEF-GRIGIO-2025_NERO.png\",\"width\":871,\"height\":375,\"caption\":\"OMEF GROUP\"},\"image\":{\"@id\":\"https:\/\/omefgroup.com\/fr\/#\/schema\/logo\/image\/\"},\"sameAs\":[\"https:\/\/www.facebook.com\/OmefForestryEquipment\/\",\"https:\/\/www.instagram.com\/omefgroup\/\",\"https:\/\/www.youtube.com\/@omefgroup\",\"https:\/\/www.tiktok.com\/@omef.group.official\",\"https:\/\/it.linkedin.com\/company\/omef\"]}]}<\/script>\n<!-- \/ Yoast SEO plugin. -->","yoast_head_json":{"title":"Merci - OMEF GROUP","robots":{"index":"index","follow":"follow","max-snippet":"max-snippet:-1","max-image-preview":"max-image-preview:large","max-video-preview":"max-video-preview:-1"},"canonical":"https:\/\/omefgroup.com\/fr\/merci-prodotti\/","og_locale":"fr_FR","og_type":"article","og_title":"Merci - OMEF GROUP","og_description":"MERCI Merci de nous avoir \u00e9crit!Un de nos experts vous contactera dans les plus brefs d\u00e9lais pour vous donner toutes les informations dont vous avez besoin.Vous souhaitez une r\u00e9ponse imm\u00e9diate ? \u00c9crivez-nous sur WhatsApp ou appelez-nous directement aux coordonn\u00e9es ci-dessous. +39 349 855 6830 +39 349 855 6830 D\u00c9COUVRIR NOTRE SOCI\u00c9T\u00c9 Nous sommes une entreprise [&hellip;]","og_url":"https:\/\/omefgroup.com\/fr\/merci-prodotti\/","og_site_name":"OMEF GROUP","article_publisher":"https:\/\/www.facebook.com\/OmefForestryEquipment\/","article_modified_time":"2025-07-14T11:14:35+00:00","og_image":[{"width":800,"height":450,"url":"https:\/\/omefgroup.com\/wp-content\/uploads\/2025\/07\/scopri-azienda-chi-siamo-omef.webp","type":"image\/webp"}],"twitter_card":"summary_large_image","schema":{"@context":"https:\/\/schema.org","@graph":[{"@type":"WebPage","@id":"https:\/\/omefgroup.com\/fr\/merci-prodotti\/","url":"https:\/\/omefgroup.com\/fr\/merci-prodotti\/","name":"Merci - OMEF GROUP","isPartOf":{"@id":"https:\/\/omefgroup.com\/fr\/#website"},"primaryImageOfPage":{"@id":"https:\/\/omefgroup.com\/fr\/merci-prodotti\/#primaryimage"},"image":{"@id":"https:\/\/omefgroup.com\/fr\/merci-prodotti\/#primaryimage"},"thumbnailUrl":"https:\/\/omefgroup.com\/wp-content\/uploads\/2025\/07\/scopri-azienda-chi-siamo-omef.webp","datePublished":"2025-07-02T07:40:37+00:00","dateModified":"2025-07-14T11:14:35+00:00","breadcrumb":{"@id":"https:\/\/omefgroup.com\/fr\/merci-prodotti\/#breadcrumb"},"inLanguage":"fr-FR","potentialAction":[{"@type":"ReadAction","target":["https:\/\/omefgroup.com\/fr\/merci-prodotti\/"]}]},{"@type":"ImageObject","inLanguage":"fr-FR","@id":"https:\/\/omefgroup.com\/fr\/merci-prodotti\/#primaryimage","url":"https:\/\/omefgroup.com\/wp-content\/uploads\/2025\/07\/scopri-azienda-chi-siamo-omef.webp","contentUrl":"https:\/\/omefgroup.com\/wp-content\/uploads\/2025\/07\/scopri-azienda-chi-siamo-omef.webp"},{"@type":"BreadcrumbList","@id":"https:\/\/omefgroup.com\/fr\/merci-prodotti\/#breadcrumb","itemListElement":[{"@type":"ListItem","position":1,"name":"Home","item":"https:\/\/omefgroup.com\/fr\/"},{"@type":"ListItem","position":2,"name":"Merci"}]},{"@type":"WebSite","@id":"https:\/\/omefgroup.com\/fr\/#website","url":"https:\/\/omefgroup.com\/fr\/","name":"OMEF GROUP","description":"","publisher":{"@id":"https:\/\/omefgroup.com\/fr\/#organization"},"alternateName":"OMEF","potentialAction":[{"@type":"SearchAction","target":{"@type":"EntryPoint","urlTemplate":"https:\/\/omefgroup.com\/fr\/?s={search_term_string}"},"query-input":{"@type":"PropertyValueSpecification","valueRequired":true,"valueName":"search_term_string"}}],"inLanguage":"fr-FR"},{"@type":"Organization","@id":"https:\/\/omefgroup.com\/fr\/#organization","name":"OMEF GROUP","url":"https:\/\/omefgroup.com\/fr\/","logo":{"@type":"ImageObject","inLanguage":"fr-FR","@id":"https:\/\/omefgroup.com\/fr\/#\/schema\/logo\/image\/","url":"https:\/\/omefgroup.com\/wp-content\/uploads\/2025\/07\/logo-OMEF-GRIGIO-2025_NERO.png","contentUrl":"https:\/\/omefgroup.com\/wp-content\/uploads\/2025\/07\/logo-OMEF-GRIGIO-2025_NERO.png","width":871,"height":375,"caption":"OMEF GROUP"},"image":{"@id":"https:\/\/omefgroup.com\/fr\/#\/schema\/logo\/image\/"},"sameAs":["https:\/\/www.facebook.com\/OmefForestryEquipment\/","https:\/\/www.instagram.com\/omefgroup\/","https:\/\/www.youtube.com\/@omefgroup","https:\/\/www.tiktok.com\/@omef.group.official","https:\/\/it.linkedin.com\/company\/omef"]}]}},"_links":{"self":[{"href":"https:\/\/omefgroup.com\/fr\/wp-json\/wp\/v2\/pages\/11396","targetHints":{"allow":["GET"]}}],"collection":[{"href":"https:\/\/omefgroup.com\/fr\/wp-json\/wp\/v2\/pages"}],"about":[{"href":"https:\/\/omefgroup.com\/fr\/wp-json\/wp\/v2\/types\/page"}],"author":[{"embeddable":true,"href":"https:\/\/omefgroup.com\/fr\/wp-json\/wp\/v2\/users\/2"}],"replies":[{"embeddable":true,"href":"https:\/\/omefgroup.com\/fr\/wp-json\/wp\/v2\/comments?post=11396"}],"version-history":[{"count":0,"href":"https:\/\/omefgroup.com\/fr\/wp-json\/wp\/v2\/pages\/11396\/revisions"}],"wp:attachment":[{"href":"https:\/\/omefgroup.com\/fr\/wp-json\/wp\/v2\/media?parent=11396"}],"curies":[{"name":"wp","href":"https:\/\/api.w.org\/{rel}","templated":true}]}}